{"id":2040,"date":"2023-07-13T13:13:28","date_gmt":"2023-07-13T13:13:28","guid":{"rendered":"https:\/\/bioswing.ee\/terms\/"},"modified":"2023-08-08T12:28:45","modified_gmt":"2023-08-08T12:28:45","slug":"allgemeine-verkaufsbedingungen","status":"publish","type":"page","link":"https:\/\/bioswing.ee\/de\/allgemeine-verkaufsbedingungen\/","title":{"rendered":"ALLGEMEINE VERKAUFSBEDINGUNGEN"},"content":{"rendered":"<p><div class=\"fusion-fullwidth fullwidth-box fusion-builder-row-1 fusion-flex-container has-pattern-background has-mask-background nonhundred-percent-fullwidth non-hundred-percent-height-scrolling\" style=\"--awb-border-radius-top-left:0px;--awb-border-radius-top-right:0px;--awb-border-radius-bottom-right:0px;--awb-border-radius-bottom-left:0px;--awb-flex-wrap:wrap;\" ><div class=\"fusion-builder-row fusion-row fusion-flex-align-items-center fusion-flex-content-wrap\" style=\"max-width:1248px;margin-left: calc(-4% \/ 2 );margin-right: calc(-4% \/ 2 );\"><div class=\"fusion-layout-column fusion_builder_column fusion-builder-column-0 fusion_builder_column_1_5 1_5 fusion-flex-column\" style=\"--awb-bg-size:cover;--awb-width-large:20%;--awb-margin-top-large:0px;--awb-spacing-right-large:9.6%;--awb-margin-bottom-large:20px;--awb-spacing-left-large:9.6%;--awb-width-medium:20%;--awb-order-medium:0;--awb-spacing-right-medium:9.6%;--awb-spacing-left-medium:9.6%;--awb-width-small:100%;--awb-order-small:0;--awb-spacing-right-small:1.92%;--awb-spacing-left-small:1.92%;\"><div class=\"fusion-column-wrapper fusion-column-has-shadow fusion-flex-justify-content-flex-start fusion-content-layout-column\"><\/div><\/div><div class=\"fusion-layout-column fusion_builder_column fusion-builder-column-1 fusion_builder_column_3_5 3_5 fusion-flex-column\" style=\"--awb-bg-size:cover;--awb-width-large:60%;--awb-margin-top-large:0px;--awb-spacing-right-large:3.2%;--awb-margin-bottom-large:20px;--awb-spacing-left-large:3.2%;--awb-width-medium:60%;--awb-order-medium:0;--awb-spacing-right-medium:3.2%;--awb-spacing-left-medium:3.2%;--awb-width-small:100%;--awb-order-small:0;--awb-spacing-right-small:1.92%;--awb-spacing-left-small:1.92%;\"><div class=\"fusion-column-wrapper fusion-column-has-shadow fusion-flex-justify-content-flex-start fusion-content-layout-column\"><div class=\"fusion-title title fusion-title-1 fusion-sep-none fusion-title-text fusion-title-size-one\"><h1 class=\"fusion-title-heading title-heading-left\" style=\"margin:0;\">Allgemeine Verkaufsbedingungen<\/h1><\/div><div class=\"fusion-text fusion-text-1\"><p><strong>Standardbedingungen f\u00fcr Verkaufsgesch\u00e4fte<\/strong><\/p>\n<p>G\u00fcltig im Online-Store seit dem 01.06.2023.<\/p>\n<ol>\n<li><strong> Allgemeine Bedingungen<\/strong><br \/>1.1. Diese Standardbedingungen legen die Grundlagen f\u00fcr das Rechtsverh\u00e4ltnis zwischen der SKS V\u00f5ru O\u00dc (im Folgenden der Verk\u00e4ufer) und dem K\u00e4ufer sowie die allgemeinen Bedingungen f\u00fcr den Abschluss von Gesch\u00e4ften zwischen dem Verk\u00e4ufer und dem K\u00e4ufer (im Folgenden gemeinsam als Parteien bezeichnet) fest. Die Standardbedingungen gelten f\u00fcr alle Rechtsbeziehungen zwischen den Vertragsparteien.<br \/>1.2. Zus\u00e4tzlich zu den Standardbedingungen werden die Rechtsbeziehungen zwischen den Parteien durch die Rechtsnormen der Republik Estland und durch einen Erlass oder ein Abkommen geregelt, sofern ein solches besteht.<br \/>1.3. Bei einem Widerspruch zwischen den Standardbedingungen und dem Auftrag gelten die Bestimmungen des Auftrags. Im Falle eines Widerspruchs zwischen den Standardbedingungen oder dem Auftrag und einem Vertrag gelten die Bestimmungen des Vertrags.<br \/>Wenn es der Kontext erfordert, schlie\u00dft der Singular den Plural ein und umgekehrt. Die \u00dcberschriften der Klauseln sind nur zur besseren Lesbarkeit in die Standardbedingungen aufgenommen worden und haben keinen Einfluss auf die Auslegung des Inhalts der Klauseln.<br \/>1.4. Jede Klausel der Standardbedingungen ist zusammen mit anderen Klauseln der Standardbedingungen auf der Grundlage des Sinns und Zwecks der Standardbedingungen auszulegen.<\/li>\n<li><strong> Definitionen<br \/><\/strong>2.1. Die Verk\u00e4uferin ist die SKS V\u00f5ru O\u00dc.<br \/>2.2. Der K\u00e4ufer ist jede nat\u00fcrliche oder juristische Person, die die vom Verk\u00e4ufer angebotenen Produkte und\/oder Dienstleistungen kauft oder zu kaufen w\u00fcnscht.<br \/>2.3. Die Produkte sind M\u00f6bel und andere Einrichtungsgegenst\u00e4nde, die vom Verk\u00e4ufer an den K\u00e4ufer verkauft werden.<br \/>2.4. Bei der Dienstleistung handelt es sich um einen Raumplan oder eine L\u00f6sung f\u00fcr die Innenarchitektur, die vom Verk\u00e4ufer auf Anfrage des K\u00e4ufers erstellt wurde, um den Transport verkaufter Produkte an einen vom K\u00e4ufer angegebenen Ort und um den Zusammenbau und die Installation des Produkts.<br \/>2.5. Bei der Preisliste handelt es sich um ein vom Verk\u00e4ufer best\u00e4tigtes Dokument, das die Preise von Produkten und Dienstleistungen widerspiegelt.<br \/>2.6. Die Auftragsbest\u00e4tigung gilt als ein Kaufvertrag zwischen dem K\u00e4ufer und dem Verk\u00e4ufer.<br \/>2.7. Die Frist f\u00fcr die Erf\u00fcllung der Bestellung ist der Zeitpunkt, zu dem das Produkt und\/oder die erbrachte Dienstleistung f\u00fcr den K\u00e4ufer verf\u00fcgbar sein muss.<\/li>\n<li><strong> Preisgestaltung<\/strong><br \/>3.1. Die f\u00fcr die Produkte und Dienstleistungen g\u00fcltigen Preise finden sich in der vom Verk\u00e4ufer ausgestellten Preisliste. Die in der Preisliste festgesetzten Preise sind einschlie\u00dflich Umsatzsteuer und umfassen nicht die Kosten der Produktpallette. Die in der Preisliste festgesetzten Preise sind einschlie\u00dflich der Verpackungskosten.<br \/>3.2. Der Verk\u00e4ufer verf\u00fcgt \u00fcber das Recht, einseitig \u00c4nderungen an der Preisliste vorzunehmen. Die \u00c4nderungen gelten ab dem Datum, an dem sie vorgenommen wurden, oder ab einem vom Verk\u00e4ufer festgelegten Zeitpunkt. Erg\u00e4nzungen der Preisliste haben keine r\u00fcckwirkende Kraft bez\u00fcglich von Preisangeboten und Bestellungen, die vor der Erg\u00e4nzung der Preisliste abgeschlossen worden sind.<\/li>\n<li><strong> Zahlungsbedingungen<\/strong><br \/>4.1. Der Verk\u00e4ufer verf\u00fcgt \u00fcber das Recht eine Zahlung im Voraus vom K\u00e4ufer f\u00fcr Produkte und Leistungen in dem Umfang zu fordern, mit dem der Verk\u00e4ufer vor der Ausf\u00fchrung der Bestellung einverstanden war. F\u00fcr Bestellungen im Onlineshop muss die Vorauszahlungsrechnung in vollem Umfang bezahlt werden, damit der Auftrag f\u00fcr die Ausf\u00fchrung akzeptiert wird.<br \/>4.2. Alle vom Verk\u00e4ufer zu zahlenden Betr\u00e4ge gelten als ordnungsgem\u00e4\u00df an den Verk\u00e4ufer bezahlt, sofern die entsprechende Summe auf dem Bankkonto des Verk\u00e4ufers eingegangen ist.<\/li>\n<li><strong> Die Bestellung von Produkten und Leistungen<\/strong><br \/>5.1. Der K\u00e4ufer gibt eine Bestellung beim Verk\u00e4ufer \u00fcber die Onlineshop-Umgebung beim Verk\u00e4ufer auf, um Produkte und Dienstleistungen zu erwerben.<br \/>5.2. Die Bestellung wird \u00fcberpr\u00fcft, die Auftragsbest\u00e4tigung und die Vorauszahlungsrechnung werden an den K\u00e4ufer versandt, hinzugef\u00fcgt werden Transportkosten sowie Informationen \u00fcber den Zeitpunkt der Lieferung, falls notwendig.<br \/>5.3. Nachdem die Vorauszahlungsrechnung beglichen ist, wird ein Best\u00e4tigungsbrief per E-Mail an den K\u00e4ufer bez\u00fcglich der Ausf\u00fchrung der Bestellung verschickt. Im Best\u00e4tigungsschreiben wird angegeben, wann die vom K\u00e4ufer bestellten Produkte im Lager des Verk\u00e4ufers bereitstehen und wie die Ware an den vom K\u00e4ufer angegebenen Ort geliefert wird. Hat der K\u00e4ufer mit einer Bestellung Produkte mit unterschiedlichen Lieferzeiten bestellt, so wird die Lieferzeit der Bestellung nach dem Produkt mit der l\u00e4ngsten Lieferzeit berechnet.<\/li>\n<li><strong> Ausf\u00fcllen einer Bestellung<\/strong><br \/>6.1. Der Verk\u00e4ufer beginnt mit der Ausf\u00fchrung der Bestellung nach der rechtzeitigen Zahlung der Vorauszahlungsforderung.<br \/>6.2. Die Bestellung und die Rechnung des K\u00e4ufers werden storniert, wenn die Vorauszahlungsrechnung nicht innerhalb von sieben Tagen nach Ausstellung der Rechnung beglichen wurde.<\/li>\n<li><strong> Lieferung der Ware oder Dienstleistung<\/strong><br \/>7.1. Lieferung\/Empfang des Produkts bedeutet die Bereitstellung des Produkts f\u00fcr den K\u00e4ufer gem\u00e4\u00df den in der Bestellung vereinbarten Transportbedingungen.<br \/>7.2. Das Produkt wird dem K\u00e4ufer oder dem Vertreter des K\u00e4ufers von einem Vertreter des Transportunternehmens auf Grundlage eines Ausweisdokuments \u00fcbergeben.<br \/>7.3. Der K\u00e4ufer muss die Annahme des Produkts bescheinigen, indem er den Lieferschein mit dem Namen und der Anzahl der Produkte unterzeichnet. Der autorisierte Vertreter des K\u00e4ufers muss seine Autorisierung nachweisen.<br \/>7.4. Hat der K\u00e4ufer das Produkt nicht innerhalb einer angemessenen Frist abgenommen, obwohl er gute Gr\u00fcnde daf\u00fcr hat, kann der Verk\u00e4ufer dem K\u00e4ufer eine Nachfrist setzen, indem er ihn schriftlich davon in Kenntnis setzt. Die konkrete Laufzeit wird von den Vertragsparteien von Fall zu Fall vereinbart. Nimmt der K\u00e4ufer das Produkt nicht innerhalb der vom Verk\u00e4ufer gesetzten Nachfrist ab, hat der Verk\u00e4ufer das Recht, von der Bestellung zur\u00fcckzutreten.<\/li>\n<li><strong> \u00dcbertragung von Risiken<\/strong><br \/>8.1. Die Gefahr des zuf\u00e4lligen Untergangs und der Besch\u00e4digung des Produkts geht zum Zeitpunkt der Lieferung des Produkts auf den K\u00e4ufer \u00fcber.<\/li>\n<li><strong> Schutz geistigen Eigentums<\/strong><br \/>9.1. Die dem K\u00e4ufer \u00fcbergebenen Unterlagen (z.B. Zeichnungen, Skizzen, Pl\u00e4ne, usw.) sind und bleiben geistiges Eigentum des Verk\u00e4ufers. Diese Unterlagen d\u00fcrfen nicht kopiert oder Dritten zug\u00e4nglich gemacht werden.<\/li>\n<\/ol>\n<\/div><\/div><\/div><div class=\"fusion-layout-column fusion_builder_column fusion-builder-column-2 fusion_builder_column_1_5 1_5 fusion-flex-column\" style=\"--awb-bg-size:cover;--awb-width-large:20%;--awb-margin-top-large:0px;--awb-spacing-right-large:9.6%;--awb-margin-bottom-large:20px;--awb-spacing-left-large:9.6%;--awb-width-medium:20%;--awb-order-medium:0;--awb-spacing-right-medium:9.6%;--awb-spacing-left-medium:9.6%;--awb-width-small:100%;--awb-order-small:0;--awb-spacing-right-small:1.92%;--awb-spacing-left-small:1.92%;\"><div class=\"fusion-column-wrapper fusion-column-has-shadow fusion-flex-justify-content-flex-start fusion-content-layout-column\"><\/div><\/div><\/div><\/div><div class=\"fusion-fullwidth fullwidth-box fusion-builder-row-2 fusion-flex-container has-pattern-background has-mask-background nonhundred-percent-fullwidth non-hundred-percent-height-scrolling\" style=\"--awb-border-radius-top-left:0px;--awb-border-radius-top-right:0px;--awb-border-radius-bottom-right:0px;--awb-border-radius-bottom-left:0px;--awb-flex-wrap:wrap;\" ><div class=\"fusion-builder-row fusion-row fusion-flex-align-items-flex-start fusion-flex-content-wrap\" style=\"max-width:1248px;margin-left: calc(-4% \/ 2 );margin-right: calc(-4% \/ 2 );\"><\/div><\/div><\/p>\n","protected":false},"excerpt":{"rendered":"","protected":false},"author":2,"featured_media":0,"parent":0,"menu_order":0,"comment_status":"closed","ping_status":"closed","template":"100-width.php","meta":{"_acf_changed":false,"footnotes":""},"class_list":["post-2040","page","type-page","status-publish","hentry"],"acf":[],"yoast_head":"<!-- This site is optimized with the Yoast SEO plugin v24.3 - https:\/\/yoast.com\/wordpress\/plugins\/seo\/ -->\n<title>ALLGEMEINE VERKAUFSBEDINGUNGEN - BIOSWING<\/title>\n<meta name=\"robots\" content=\"index, follow, max-snippet:-1, max-image-preview:large, max-video-preview:-1\" \/>\n<link rel=\"canonical\" href=\"https:\/\/bioswing.ee\/de\/allgemeine-verkaufsbedingungen\/\" \/>\n<meta property=\"og:locale\" content=\"de_DE\" \/>\n<meta property=\"og:type\" content=\"article\" \/>\n<meta property=\"og:title\" content=\"ALLGEMEINE VERKAUFSBEDINGUNGEN - BIOSWING\" \/>\n<meta property=\"og:url\" content=\"https:\/\/bioswing.ee\/de\/allgemeine-verkaufsbedingungen\/\" \/>\n<meta property=\"og:site_name\" content=\"BIOSWING\" \/>\n<meta property=\"article:modified_time\" content=\"2023-08-08T12:28:45+00:00\" \/>\n<meta name=\"twitter:card\" content=\"summary_large_image\" \/>\n<meta name=\"twitter:label1\" content=\"Gesch\u00e4tzte Lesezeit\" \/>\n\t<meta name=\"twitter:data1\" content=\"14 Minuten\" \/>\n<script type=\"application\/ld+json\" class=\"yoast-schema-graph\">{\"@context\":\"https:\/\/schema.org\",\"@graph\":[{\"@type\":\"WebPage\",\"@id\":\"https:\/\/bioswing.ee\/de\/allgemeine-verkaufsbedingungen\/\",\"url\":\"https:\/\/bioswing.ee\/de\/allgemeine-verkaufsbedingungen\/\",\"name\":\"ALLGEMEINE VERKAUFSBEDINGUNGEN - BIOSWING\",\"isPartOf\":{\"@id\":\"https:\/\/bioswing.ee\/#website\"},\"datePublished\":\"2023-07-13T13:13:28+00:00\",\"dateModified\":\"2023-08-08T12:28:45+00:00\",\"breadcrumb\":{\"@id\":\"https:\/\/bioswing.ee\/de\/allgemeine-verkaufsbedingungen\/#breadcrumb\"},\"inLanguage\":\"de-DE\",\"potentialAction\":[{\"@type\":\"ReadAction\",\"target\":[\"https:\/\/bioswing.ee\/de\/allgemeine-verkaufsbedingungen\/\"]}]},{\"@type\":\"BreadcrumbList\",\"@id\":\"https:\/\/bioswing.ee\/de\/allgemeine-verkaufsbedingungen\/#breadcrumb\",\"itemListElement\":[{\"@type\":\"ListItem\",\"position\":1,\"name\":\"Home\",\"item\":\"https:\/\/bioswing.ee\/de\/\"},{\"@type\":\"ListItem\",\"position\":2,\"name\":\"ALLGEMEINE VERKAUFSBEDINGUNGEN\"}]},{\"@type\":\"WebSite\",\"@id\":\"https:\/\/bioswing.ee\/#website\",\"url\":\"https:\/\/bioswing.ee\/\",\"name\":\"BIOSWING\",\"description\":\"Smart solutions for healthy sitting\",\"publisher\":{\"@id\":\"https:\/\/bioswing.ee\/#organization\"},\"potentialAction\":[{\"@type\":\"SearchAction\",\"target\":{\"@type\":\"EntryPoint\",\"urlTemplate\":\"https:\/\/bioswing.ee\/?s={search_term_string}\"},\"query-input\":{\"@type\":\"PropertyValueSpecification\",\"valueRequired\":true,\"valueName\":\"search_term_string\"}}],\"inLanguage\":\"de-DE\"},{\"@type\":\"Organization\",\"@id\":\"https:\/\/bioswing.ee\/#organization\",\"name\":\"BIOSWING\",\"url\":\"https:\/\/bioswing.ee\/\",\"logo\":{\"@type\":\"ImageObject\",\"inLanguage\":\"de-DE\",\"@id\":\"https:\/\/bioswing.ee\/#\/schema\/logo\/image\/\",\"url\":\"https:\/\/bioswing.ee\/wp-content\/uploads\/2023\/04\/logo_web.png\",\"contentUrl\":\"https:\/\/bioswing.ee\/wp-content\/uploads\/2023\/04\/logo_web.png\",\"width\":140,\"height\":122,\"caption\":\"BIOSWING\"},\"image\":{\"@id\":\"https:\/\/bioswing.ee\/#\/schema\/logo\/image\/\"}}]}<\/script>\n<!-- \/ Yoast SEO plugin. -->","yoast_head_json":{"title":"ALLGEMEINE VERKAUFSBEDINGUNGEN - BIOSWING","robots":{"index":"index","follow":"follow","max-snippet":"max-snippet:-1","max-image-preview":"max-image-preview:large","max-video-preview":"max-video-preview:-1"},"canonical":"https:\/\/bioswing.ee\/de\/allgemeine-verkaufsbedingungen\/","og_locale":"de_DE","og_type":"article","og_title":"ALLGEMEINE VERKAUFSBEDINGUNGEN - BIOSWING","og_url":"https:\/\/bioswing.ee\/de\/allgemeine-verkaufsbedingungen\/","og_site_name":"BIOSWING","article_modified_time":"2023-08-08T12:28:45+00:00","twitter_card":"summary_large_image","twitter_misc":{"Gesch\u00e4tzte Lesezeit":"14 Minuten"},"schema":{"@context":"https:\/\/schema.org","@graph":[{"@type":"WebPage","@id":"https:\/\/bioswing.ee\/de\/allgemeine-verkaufsbedingungen\/","url":"https:\/\/bioswing.ee\/de\/allgemeine-verkaufsbedingungen\/","name":"ALLGEMEINE VERKAUFSBEDINGUNGEN - BIOSWING","isPartOf":{"@id":"https:\/\/bioswing.ee\/#website"},"datePublished":"2023-07-13T13:13:28+00:00","dateModified":"2023-08-08T12:28:45+00:00","breadcrumb":{"@id":"https:\/\/bioswing.ee\/de\/allgemeine-verkaufsbedingungen\/#breadcrumb"},"inLanguage":"de-DE","potentialAction":[{"@type":"ReadAction","target":["https:\/\/bioswing.ee\/de\/allgemeine-verkaufsbedingungen\/"]}]},{"@type":"BreadcrumbList","@id":"https:\/\/bioswing.ee\/de\/allgemeine-verkaufsbedingungen\/#breadcrumb","itemListElement":[{"@type":"ListItem","position":1,"name":"Home","item":"https:\/\/bioswing.ee\/de\/"},{"@type":"ListItem","position":2,"name":"ALLGEMEINE VERKAUFSBEDINGUNGEN"}]},{"@type":"WebSite","@id":"https:\/\/bioswing.ee\/#website","url":"https:\/\/bioswing.ee\/","name":"BIOSWING","description":"Smart solutions for healthy sitting","publisher":{"@id":"https:\/\/bioswing.ee\/#organization"},"potentialAction":[{"@type":"SearchAction","target":{"@type":"EntryPoint","urlTemplate":"https:\/\/bioswing.ee\/?s={search_term_string}"},"query-input":{"@type":"PropertyValueSpecification","valueRequired":true,"valueName":"search_term_string"}}],"inLanguage":"de-DE"},{"@type":"Organization","@id":"https:\/\/bioswing.ee\/#organization","name":"BIOSWING","url":"https:\/\/bioswing.ee\/","logo":{"@type":"ImageObject","inLanguage":"de-DE","@id":"https:\/\/bioswing.ee\/#\/schema\/logo\/image\/","url":"https:\/\/bioswing.ee\/wp-content\/uploads\/2023\/04\/logo_web.png","contentUrl":"https:\/\/bioswing.ee\/wp-content\/uploads\/2023\/04\/logo_web.png","width":140,"height":122,"caption":"BIOSWING"},"image":{"@id":"https:\/\/bioswing.ee\/#\/schema\/logo\/image\/"}}]}},"_links":{"self":[{"href":"https:\/\/bioswing.ee\/de\/wp-json\/wp\/v2\/pages\/2040"}],"collection":[{"href":"https:\/\/bioswing.ee\/de\/wp-json\/wp\/v2\/pages"}],"about":[{"href":"https:\/\/bioswing.ee\/de\/wp-json\/wp\/v2\/types\/page"}],"author":[{"embeddable":true,"href":"https:\/\/bioswing.ee\/de\/wp-json\/wp\/v2\/users\/2"}],"replies":[{"embeddable":true,"href":"https:\/\/bioswing.ee\/de\/wp-json\/wp\/v2\/comments?post=2040"}],"version-history":[{"count":2,"href":"https:\/\/bioswing.ee\/de\/wp-json\/wp\/v2\/pages\/2040\/revisions"}],"predecessor-version":[{"id":2047,"href":"https:\/\/bioswing.ee\/de\/wp-json\/wp\/v2\/pages\/2040\/revisions\/2047"}],"wp:attachment":[{"href":"https:\/\/bioswing.ee\/de\/wp-json\/wp\/v2\/media?parent=2040"}],"curies":[{"name":"wp","href":"https:\/\/api.w.org\/{rel}","templated":true}]}}