{"id":2025,"date":"2023-03-31T19:29:21","date_gmt":"2023-03-31T19:29:21","guid":{"rendered":"https:\/\/bioswing.ee\/privacy-policy\/"},"modified":"2023-08-08T12:17:31","modified_gmt":"2023-08-08T12:17:31","slug":"datenschutzrichtlinien","status":"publish","type":"page","link":"https:\/\/bioswing.ee\/de\/datenschutzrichtlinien\/","title":{"rendered":"Datenschutzrichtlinien"},"content":{"rendered":"<p><div class=\"fusion-fullwidth fullwidth-box fusion-builder-row-1 fusion-flex-container has-pattern-background has-mask-background nonhundred-percent-fullwidth non-hundred-percent-height-scrolling\" style=\"--awb-border-radius-top-left:0px;--awb-border-radius-top-right:0px;--awb-border-radius-bottom-right:0px;--awb-border-radius-bottom-left:0px;--awb-flex-wrap:wrap;\" ><div class=\"fusion-builder-row fusion-row fusion-flex-align-items-center fusion-flex-content-wrap\" style=\"max-width:1248px;margin-left: calc(-4% \/ 2 );margin-right: calc(-4% \/ 2 );\"><div class=\"fusion-layout-column fusion_builder_column fusion-builder-column-0 fusion_builder_column_1_5 1_5 fusion-flex-column\" style=\"--awb-bg-size:cover;--awb-width-large:20%;--awb-margin-top-large:0px;--awb-spacing-right-large:9.6%;--awb-margin-bottom-large:20px;--awb-spacing-left-large:9.6%;--awb-width-medium:20%;--awb-order-medium:0;--awb-spacing-right-medium:9.6%;--awb-spacing-left-medium:9.6%;--awb-width-small:100%;--awb-order-small:0;--awb-spacing-right-small:1.92%;--awb-spacing-left-small:1.92%;\"><div class=\"fusion-column-wrapper fusion-column-has-shadow fusion-flex-justify-content-flex-start fusion-content-layout-column\"><\/div><\/div><div class=\"fusion-layout-column fusion_builder_column fusion-builder-column-1 fusion_builder_column_3_5 3_5 fusion-flex-column\" style=\"--awb-bg-size:cover;--awb-width-large:60%;--awb-margin-top-large:0px;--awb-spacing-right-large:3.2%;--awb-margin-bottom-large:20px;--awb-spacing-left-large:3.2%;--awb-width-medium:60%;--awb-order-medium:0;--awb-spacing-right-medium:3.2%;--awb-spacing-left-medium:3.2%;--awb-width-small:100%;--awb-order-small:0;--awb-spacing-right-small:1.92%;--awb-spacing-left-small:1.92%;\"><div class=\"fusion-column-wrapper fusion-column-has-shadow fusion-flex-justify-content-flex-start fusion-content-layout-column\"><div class=\"fusion-title title fusion-title-1 fusion-sep-none fusion-title-text fusion-title-size-one\"><h1 class=\"fusion-title-heading title-heading-left\" style=\"margin:0;\">Datenschutzrichtlinien<\/h1><\/div><div class=\"fusion-text fusion-text-1\"><p>Das Vertrauen unserer Kunden und Partner ist sehr wichtig f\u00fcr uns. Wir m\u00f6chten, dass jeder, der personenbezogene Daten mit uns teilt, sicher sein kann, dass wir darauf achten, diese Angaben auf die bestm\u00f6gliche Art und Weise zu h\u00fcten.<\/p>\n<p>Diese Datenschutzrichtlinien wurden entwickelt, um den Datenschutz von ehemaligen, jetzigen und zuk\u00fcnftigen Kunden der SKS V\u00f5ru O\u00dc zu gew\u00e4hrleisten. Auf dieser Grundlage skizzieren wir die Prinzipien der Sammlung, Nutzung, Aufbewahrung, \u00dcbertragung und Ver\u00f6ffentlichung der personenbezogenen Daten des Kunden in \u00dcbereinstimmung mit den Gesetzen der Republik Estland und der Rechtsprechung der Europ\u00e4ischen Union.<\/p>\n<p><strong>Sammlung und Nutzung personenbezogener Daten<\/strong><\/p>\n<p>Wir behandeln Angaben, die von einer Person freiwillig mit uns geteilt worden sind, als personenbezogene Daten. Personenbezogene Informationen k\u00f6nnen einen Namen, eine Telefonnummer, eine E-Mail-Adresse und andere Informationen umfassen.<\/p>\n<p>Wir verwenden personenbezogene Daten nur, um unseren Kunden die neuesten Informationen \u00fcber den Markt mitzuteilen, um \u00fcber neue Entwicklungen zu informieren, Fragen zu beantworten, die besten Deals zu teilen, sowie um \u00fcber Kundentage und andere Aktivit\u00e4ten in Verbindung mit dem Betrieb der SKS V\u00f5ru O\u00dc zu informieren.<\/p>\n<p>Die SKS V\u00f5ru O\u00dc verteilt, \u00fcbertr\u00e4gt, modifiziert oder verwendet keine personenbezogenen Daten auf eine unerwartete Art und Weise, au\u00dfer der Kunde hat eine \u00dcbereinkunft getroffen oder die Offenlegung von Informationen ergibt sich aus der Rechtsprechung der Republik Estland.<\/p>\n<p>Wenn Sie die oben genannten Informationen von uns erhalten, ohne uns Ihre eigenen pers\u00f6nlichen Daten mitgeteilt zu haben, wenden Sie sich bitte an <a href=\"mailto:info@bioswing.ee\">info@bioswing.ee<\/a>.<\/p>\n<p>Eine Person hat das Recht, ihre Zustimmung jederzeit zu widerrufen, indem sie einen Antrag an <a href=\"mailto:info@bioswing.ee\">info@bioswing.ee<\/a> stellt.<\/p>\n<p><strong>Cookies<\/strong><\/p>\n<p>Die SKS V\u00f5ru O\u00dc verwendet auf ihrer Webseite Cookies, um Ihren Browsing-Verlauf zu analysieren. Wir nutzen diese Informationen, um die Nutzererfahrung angenehmer und relevanter f\u00fcr Ihre Bed\u00fcrfnisse zu machen. Au\u00dferdem verwenden wir Cookies f\u00fcr statistische Analysen und um Ihnen \u00fcber sorgf\u00e4ltig ausgew\u00e4hlte Anwendungen Dritter (wie Google, Adroll, Facebook, Mailchimp usw.) Werbung zu zeigen.<\/p>\n<p>Ein Cookie ist eine Textdatei, die von den Websites, die der Nutzer besucht, gesendet und auf dem Computer des Nutzers gespeichert wird. Ein Cookie wird im Dateiverzeichnis des Webbrowsers des Nutzers gespeichert. Wenn der Nutzer die Website schon einmal besucht hat, liest der Browser das Cookie und \u00fcbermittelt die entsprechenden Informationen an die Website oder das Element, das am Anfang des Cookies gespeichert wurde. Weitere Informationen \u00fcber Cookies finden Sie unter <a href=\"http:\/\/www.aki.ee\/et\/kupsised\">www.aki.ee\/et\/kupsised<\/a>.<\/p>\n<p>Der Webbrowser hat das Recht, die Verwendung von Cookies zu deaktivieren. Wenn Sie dies w\u00fcnschen, m\u00fcssen Sie die Einstellungen Ihres Webbrowsers \u00e4ndern.<\/p>\n<p><strong>Bestimmungen der Datenschutzrichtlinie<\/strong><\/p>\n<p>Durch die \u00dcbermittlung Ihrer Daten und die weitere Nutzung unserer Website erkl\u00e4ren Sie sich mit unseren Richtlinien und Bedingungen einverstanden. Die SKS V\u00f5ru O\u00dc beh\u00e4lt sich das Recht vor, die allgemeinen Bedingungen der Datenschutzpolitik gegebenenfalls zu \u00e4ndern.<\/p>\n<p>Bitte nehmen Sie in Bezug auf alle Fragen zur Datenschutzrichtlinie Kontakt mit uns auf unter <a href=\"mailto:info@bioswing.ee\">info@bioswing.ee<\/a>.<\/p>\n<\/div><\/div><\/div><div class=\"fusion-layout-column fusion_builder_column fusion-builder-column-2 fusion_builder_column_1_5 1_5 fusion-flex-column\" style=\"--awb-bg-size:cover;--awb-width-large:20%;--awb-margin-top-large:0px;--awb-spacing-right-large:9.6%;--awb-margin-bottom-large:20px;--awb-spacing-left-large:9.6%;--awb-width-medium:20%;--awb-order-medium:0;--awb-spacing-right-medium:9.6%;--awb-spacing-left-medium:9.6%;--awb-width-small:100%;--awb-order-small:0;--awb-spacing-right-small:1.92%;--awb-spacing-left-small:1.92%;\"><div class=\"fusion-column-wrapper fusion-column-has-shadow fusion-flex-justify-content-flex-start fusion-content-layout-column\"><\/div><\/div><\/div><\/div><div class=\"fusion-fullwidth fullwidth-box fusion-builder-row-2 fusion-flex-container has-pattern-background has-mask-background nonhundred-percent-fullwidth non-hundred-percent-height-scrolling\" style=\"--awb-border-radius-top-left:0px;--awb-border-radius-top-right:0px;--awb-border-radius-bottom-right:0px;--awb-border-radius-bottom-left:0px;--awb-flex-wrap:wrap;\" ><div class=\"fusion-builder-row fusion-row fusion-flex-align-items-flex-start fusion-flex-content-wrap\" style=\"max-width:1248px;margin-left: calc(-4% \/ 2 );margin-right: calc(-4% \/ 2 );\"><\/div><\/div><\/p>\n","protected":false},"excerpt":{"rendered":"","protected":false},"author":1,"featured_media":0,"parent":0,"menu_order":0,"comment_status":"closed","ping_status":"open","template":"","meta":{"_acf_changed":false,"footnotes":""},"class_list":["post-2025","page","type-page","status-publish","hentry"],"acf":[],"yoast_head":"<!-- This site is optimized with the Yoast SEO plugin v24.3 - https:\/\/yoast.com\/wordpress\/plugins\/seo\/ -->\n<title>Datenschutzrichtlinien - BIOSWING<\/title>\n<meta name=\"robots\" content=\"index, follow, max-snippet:-1, max-image-preview:large, max-video-preview:-1\" \/>\n<link rel=\"canonical\" href=\"https:\/\/bioswing.ee\/de\/datenschutzrichtlinien\/\" \/>\n<meta property=\"og:locale\" content=\"de_DE\" \/>\n<meta property=\"og:type\" content=\"article\" \/>\n<meta property=\"og:title\" content=\"Datenschutzrichtlinien - BIOSWING\" \/>\n<meta property=\"og:url\" content=\"https:\/\/bioswing.ee\/de\/datenschutzrichtlinien\/\" \/>\n<meta property=\"og:site_name\" content=\"BIOSWING\" \/>\n<meta property=\"article:modified_time\" content=\"2023-08-08T12:17:31+00:00\" \/>\n<meta name=\"twitter:card\" content=\"summary_large_image\" \/>\n<meta name=\"twitter:label1\" content=\"Gesch\u00e4tzte Lesezeit\" \/>\n\t<meta name=\"twitter:data1\" content=\"12 Minuten\" \/>\n<script type=\"application\/ld+json\" class=\"yoast-schema-graph\">{\"@context\":\"https:\/\/schema.org\",\"@graph\":[{\"@type\":\"WebPage\",\"@id\":\"https:\/\/bioswing.ee\/de\/datenschutzrichtlinien\/\",\"url\":\"https:\/\/bioswing.ee\/de\/datenschutzrichtlinien\/\",\"name\":\"Datenschutzrichtlinien - BIOSWING\",\"isPartOf\":{\"@id\":\"https:\/\/bioswing.ee\/#website\"},\"datePublished\":\"2023-03-31T19:29:21+00:00\",\"dateModified\":\"2023-08-08T12:17:31+00:00\",\"breadcrumb\":{\"@id\":\"https:\/\/bioswing.ee\/de\/datenschutzrichtlinien\/#breadcrumb\"},\"inLanguage\":\"de-DE\",\"potentialAction\":[{\"@type\":\"ReadAction\",\"target\":[\"https:\/\/bioswing.ee\/de\/datenschutzrichtlinien\/\"]}]},{\"@type\":\"BreadcrumbList\",\"@id\":\"https:\/\/bioswing.ee\/de\/datenschutzrichtlinien\/#breadcrumb\",\"itemListElement\":[{\"@type\":\"ListItem\",\"position\":1,\"name\":\"Home\",\"item\":\"https:\/\/bioswing.ee\/de\/\"},{\"@type\":\"ListItem\",\"position\":2,\"name\":\"Datenschutzrichtlinien\"}]},{\"@type\":\"WebSite\",\"@id\":\"https:\/\/bioswing.ee\/#website\",\"url\":\"https:\/\/bioswing.ee\/\",\"name\":\"BIOSWING\",\"description\":\"Smart solutions for healthy sitting\",\"publisher\":{\"@id\":\"https:\/\/bioswing.ee\/#organization\"},\"potentialAction\":[{\"@type\":\"SearchAction\",\"target\":{\"@type\":\"EntryPoint\",\"urlTemplate\":\"https:\/\/bioswing.ee\/?s={search_term_string}\"},\"query-input\":{\"@type\":\"PropertyValueSpecification\",\"valueRequired\":true,\"valueName\":\"search_term_string\"}}],\"inLanguage\":\"de-DE\"},{\"@type\":\"Organization\",\"@id\":\"https:\/\/bioswing.ee\/#organization\",\"name\":\"BIOSWING\",\"url\":\"https:\/\/bioswing.ee\/\",\"logo\":{\"@type\":\"ImageObject\",\"inLanguage\":\"de-DE\",\"@id\":\"https:\/\/bioswing.ee\/#\/schema\/logo\/image\/\",\"url\":\"https:\/\/bioswing.ee\/wp-content\/uploads\/2023\/04\/logo_web.png\",\"contentUrl\":\"https:\/\/bioswing.ee\/wp-content\/uploads\/2023\/04\/logo_web.png\",\"width\":140,\"height\":122,\"caption\":\"BIOSWING\"},\"image\":{\"@id\":\"https:\/\/bioswing.ee\/#\/schema\/logo\/image\/\"}}]}<\/script>\n<!-- \/ Yoast SEO plugin. -->","yoast_head_json":{"title":"Datenschutzrichtlinien - BIOSWING","robots":{"index":"index","follow":"follow","max-snippet":"max-snippet:-1","max-image-preview":"max-image-preview:large","max-video-preview":"max-video-preview:-1"},"canonical":"https:\/\/bioswing.ee\/de\/datenschutzrichtlinien\/","og_locale":"de_DE","og_type":"article","og_title":"Datenschutzrichtlinien - BIOSWING","og_url":"https:\/\/bioswing.ee\/de\/datenschutzrichtlinien\/","og_site_name":"BIOSWING","article_modified_time":"2023-08-08T12:17:31+00:00","twitter_card":"summary_large_image","twitter_misc":{"Gesch\u00e4tzte Lesezeit":"12 Minuten"},"schema":{"@context":"https:\/\/schema.org","@graph":[{"@type":"WebPage","@id":"https:\/\/bioswing.ee\/de\/datenschutzrichtlinien\/","url":"https:\/\/bioswing.ee\/de\/datenschutzrichtlinien\/","name":"Datenschutzrichtlinien - BIOSWING","isPartOf":{"@id":"https:\/\/bioswing.ee\/#website"},"datePublished":"2023-03-31T19:29:21+00:00","dateModified":"2023-08-08T12:17:31+00:00","breadcrumb":{"@id":"https:\/\/bioswing.ee\/de\/datenschutzrichtlinien\/#breadcrumb"},"inLanguage":"de-DE","potentialAction":[{"@type":"ReadAction","target":["https:\/\/bioswing.ee\/de\/datenschutzrichtlinien\/"]}]},{"@type":"BreadcrumbList","@id":"https:\/\/bioswing.ee\/de\/datenschutzrichtlinien\/#breadcrumb","itemListElement":[{"@type":"ListItem","position":1,"name":"Home","item":"https:\/\/bioswing.ee\/de\/"},{"@type":"ListItem","position":2,"name":"Datenschutzrichtlinien"}]},{"@type":"WebSite","@id":"https:\/\/bioswing.ee\/#website","url":"https:\/\/bioswing.ee\/","name":"BIOSWING","description":"Smart solutions for healthy sitting","publisher":{"@id":"https:\/\/bioswing.ee\/#organization"},"potentialAction":[{"@type":"SearchAction","target":{"@type":"EntryPoint","urlTemplate":"https:\/\/bioswing.ee\/?s={search_term_string}"},"query-input":{"@type":"PropertyValueSpecification","valueRequired":true,"valueName":"search_term_string"}}],"inLanguage":"de-DE"},{"@type":"Organization","@id":"https:\/\/bioswing.ee\/#organization","name":"BIOSWING","url":"https:\/\/bioswing.ee\/","logo":{"@type":"ImageObject","inLanguage":"de-DE","@id":"https:\/\/bioswing.ee\/#\/schema\/logo\/image\/","url":"https:\/\/bioswing.ee\/wp-content\/uploads\/2023\/04\/logo_web.png","contentUrl":"https:\/\/bioswing.ee\/wp-content\/uploads\/2023\/04\/logo_web.png","width":140,"height":122,"caption":"BIOSWING"},"image":{"@id":"https:\/\/bioswing.ee\/#\/schema\/logo\/image\/"}}]}},"_links":{"self":[{"href":"https:\/\/bioswing.ee\/de\/wp-json\/wp\/v2\/pages\/2025"}],"collection":[{"href":"https:\/\/bioswing.ee\/de\/wp-json\/wp\/v2\/pages"}],"about":[{"href":"https:\/\/bioswing.ee\/de\/wp-json\/wp\/v2\/types\/page"}],"author":[{"embeddable":true,"href":"https:\/\/bioswing.ee\/de\/wp-json\/wp\/v2\/users\/1"}],"replies":[{"embeddable":true,"href":"https:\/\/bioswing.ee\/de\/wp-json\/wp\/v2\/comments?post=2025"}],"version-history":[{"count":1,"href":"https:\/\/bioswing.ee\/de\/wp-json\/wp\/v2\/pages\/2025\/revisions"}],"predecessor-version":[{"id":2033,"href":"https:\/\/bioswing.ee\/de\/wp-json\/wp\/v2\/pages\/2025\/revisions\/2033"}],"wp:attachment":[{"href":"https:\/\/bioswing.ee\/de\/wp-json\/wp\/v2\/media?parent=2025"}],"curies":[{"name":"wp","href":"https:\/\/api.w.org\/{rel}","templated":true}]}}