{"id":1972,"date":"2023-04-13T09:53:58","date_gmt":"2023-04-13T09:53:58","guid":{"rendered":"https:\/\/bioswing.ee\/about-us\/"},"modified":"2025-04-14T18:25:37","modified_gmt":"2025-04-14T18:25:37","slug":"ueber-uns","status":"publish","type":"page","link":"https:\/\/bioswing.ee\/de\/ueber-uns\/","title":{"rendered":"\u00dcBER UNS"},"content":{"rendered":"<div class=\"fusion-fullwidth fullwidth-box fusion-builder-row-1 fusion-flex-container has-pattern-background has-mask-background nonhundred-percent-fullwidth non-hundred-percent-height-scrolling\" style=\"--awb-border-radius-top-left:0px;--awb-border-radius-top-right:0px;--awb-border-radius-bottom-right:0px;--awb-border-radius-bottom-left:0px;--awb-flex-wrap:wrap;\" ><div class=\"fusion-builder-row fusion-row fusion-flex-align-items-flex-start fusion-flex-content-wrap\" style=\"max-width:1248px;margin-left: calc(-4% \/ 2 );margin-right: calc(-4% \/ 2 );\"><div class=\"fusion-layout-column fusion_builder_column fusion-builder-column-0 fusion_builder_column_1_2 1_2 fusion-flex-column\" style=\"--awb-bg-size:cover;--awb-width-large:50%;--awb-margin-top-large:0px;--awb-spacing-right-large:3.84%;--awb-margin-bottom-large:20px;--awb-spacing-left-large:3.84%;--awb-width-medium:50%;--awb-order-medium:0;--awb-spacing-right-medium:3.84%;--awb-spacing-left-medium:3.84%;--awb-width-small:100%;--awb-order-small:0;--awb-spacing-right-small:1.92%;--awb-spacing-left-small:1.92%;\"><div class=\"fusion-column-wrapper fusion-column-has-shadow fusion-flex-justify-content-flex-start fusion-content-layout-column\"><div class=\"fusion-image-element \" style=\"--awb-caption-title-font-family:var(--h2_typography-font-family);--awb-caption-title-font-weight:var(--h2_typography-font-weight);--awb-caption-title-font-style:var(--h2_typography-font-style);--awb-caption-title-size:var(--h2_typography-font-size);--awb-caption-title-transform:var(--h2_typography-text-transform);--awb-caption-title-line-height:var(--h2_typography-line-height);--awb-caption-title-letter-spacing:var(--h2_typography-letter-spacing);\"><span class=\" fusion-imageframe imageframe-none imageframe-1 hover-type-none\"><img decoding=\"async\" width=\"688\" height=\"1000\" title=\"portrait_eduard_haider_2020-688&#215;1000\" src=\"https:\/\/bioswing.ee\/wp-content\/uploads\/2025\/04\/portrait_eduard_haider_2020-688x1000-1.jpg\" alt class=\"img-responsive wp-image-27765\" srcset=\"https:\/\/bioswing.ee\/wp-content\/uploads\/2025\/04\/portrait_eduard_haider_2020-688x1000-1-200x291.jpg 200w, https:\/\/bioswing.ee\/wp-content\/uploads\/2025\/04\/portrait_eduard_haider_2020-688x1000-1-400x581.jpg 400w, https:\/\/bioswing.ee\/wp-content\/uploads\/2025\/04\/portrait_eduard_haider_2020-688x1000-1-600x872.jpg 600w, https:\/\/bioswing.ee\/wp-content\/uploads\/2025\/04\/portrait_eduard_haider_2020-688x1000-1.jpg 688w\" sizes=\"(max-width: 640px) 100vw, 600px\" \/><\/span><\/div><\/div><\/div><div class=\"fusion-layout-column fusion_builder_column fusion-builder-column-1 fusion_builder_column_1_2 1_2 fusion-flex-column\" style=\"--awb-bg-size:cover;--awb-width-large:50%;--awb-margin-top-large:0px;--awb-spacing-right-large:3.84%;--awb-margin-bottom-large:20px;--awb-spacing-left-large:3.84%;--awb-width-medium:50%;--awb-order-medium:0;--awb-spacing-right-medium:3.84%;--awb-spacing-left-medium:3.84%;--awb-width-small:100%;--awb-order-small:0;--awb-spacing-right-small:1.92%;--awb-spacing-left-small:1.92%;\"><div class=\"fusion-column-wrapper fusion-column-has-shadow fusion-flex-justify-content-flex-start fusion-content-layout-column\"><div class=\"fusion-title title fusion-title-1 fusion-sep-none fusion-title-text fusion-title-size-one\"><h1 class=\"fusion-title-heading title-heading-left\" style=\"margin:0;\">Exklusiver Vertriebsvertreter in Baltikum und Nordische L\u00e4nder f\u00fcr Haider Bioswing Produkte<\/h1><\/div><div class=\"fusion-text fusion-text-1\"><p><strong>Eine Passion f\u00fcr Gesundheit, Ergonomie und das Wohlbefinden der Menschen.<\/strong><\/p>\n<p>Ber\u00fchrt von den R\u00fcckenschmerzen vieler Menschen entwickelte und konstruierte der Firmengr\u00fcnder Eduard Haider schon zu Beginn der 1980er-Jahre die ersten entkoppelten und schwingenden Arbeitsst\u00fchle am Firmenstandort im nord\u00f6stlichen Bayern.<\/p>\n<p>Inspiriert hatten ihn dabei die Experimente und Erkenntnisse des amerikanischen Neurologen Dennis McGinty, der 1982 nachweisen konnte, dass schwingende Bewegungen die k\u00f6rperliche und geistige Leistungsf\u00e4higkeit f\u00f6rdern k\u00f6nnen.<\/p>\n<p>Mit der Erfindung des BIOSWING-Sitzsystems verwirklichte er seine Vision vom gesunden und bewegten Sitzen und lie\u00df sich dies im Jahre 1983 patentieren.<\/p>\n<p>In enger Kooperation mit Universit\u00e4ten, Hochschulen, Fach\u00e4rzten und Therapeuten verfeinerte und optimierte er seine ersten Produkte, so dass neue Produktlinien und zus\u00e4tzliche Einsatzbereiche entstanden: Insgesamt 10 Patente dokumentieren diese innovativen und kreativen Leistungen.<\/p>\n<p>Es sind im Laufe der letzten 35 Jahre herausragende L\u00f6sungen auf der Basis von entkoppelten Schwingmechanismen entstanden, die mittlerweile von zigtausenden Physiotherapeuten in der allt\u00e4glichen Praxis mit ihren Patienten zur Anwendung kommen.<\/p>\n<p>Seiner Kernmission wird das Unternehmen auch heute t\u00e4glich neu gerecht: Erstklassige L\u00f6sungen und Produkte zu entwickeln und herzustellen, die der Gesundheit, der Leistungsf\u00e4higkeit und dem Wohlbefinden der Menschen dienen. Diesen Auftrag hat das qualifizierte und engagierte Team der rund 100 Mitarbeiterinnen und Mitarbeiter verinnerlicht und gibt daf\u00fcr Tag f\u00fcr Tag sein Bestes.<\/p>\n<p>Dabei bew\u00e4hren sich die Produktionsstrategien <strong>\u201eHergestellt in Deutschland<\/strong><strong>\u201c<\/strong> und <strong>\u201eAlles unter einem Dach\u201c<\/strong>, denn alle Teile der Sitz-, Trainings- und Therapiesysteme werden im Pullenreuther Werk entwickelt und aus hochwertigen Materialen vor Ort produziert. In handwerklicher Manufakturarbeit in Verbindung mit moderner Technologie entstehen so langlebige und hochwertige Produkte, die \u00fcber lange Jahre ihren Einsatz bei Therapeuten, gesundheitsbewussten Kennern und anspruchsvollen Kunden finden.<\/p>\n<p>Zusammen mit den vielen Ergonomie-Experten in rund 150 Fachhandels- und Beratungsh\u00e4usern in Deutschland, \u00d6sterreich und der Schweiz wird sichergestellt, dass alle Kunden bestens beraten und auch nach dem Kauf zuverl\u00e4ssig betreut werden.<\/p>\n<\/div><div class=\"fusion-text fusion-text-2\"><p style=\"text-align: left;\"><img decoding=\"async\" class=\"alignnone wp-image-4908 alignleft\" src=\"https:\/\/bioswing.ee\/wp-content\/uploads\/2023\/08\/pdf.png\" alt=\"\" width=\"21\" height=\"22\" \/>\u00a0<a href=\"https:\/\/bioswing.ee\/wp-content\/uploads\/2024\/10\/BIOSWING_Product_overview_2024_de.pdf\" target=\"_blank\" rel=\"noopener\">Bioswing produkt\u00fcbersicht<\/a><\/p>\n<\/div><\/div><\/div><\/div><\/div>\n","protected":false},"excerpt":{"rendered":"","protected":false},"author":2,"featured_media":0,"parent":0,"menu_order":0,"comment_status":"closed","ping_status":"closed","template":"100-width.php","meta":{"_acf_changed":false,"footnotes":""},"class_list":["post-1972","page","type-page","status-publish","hentry"],"acf":[],"yoast_head":"<!-- This site is optimized with the Yoast SEO plugin v24.3 - https:\/\/yoast.com\/wordpress\/plugins\/seo\/ -->\n<title>\u00dcBER UNS - BIOSWING<\/title>\n<meta name=\"description\" content=\"In Deutschland entwickelt und hergestelltEine Passion f\u00fcr Gesundheit, Ergonomie und das Wohlbefinden der Menschen.\" \/>\n<meta name=\"robots\" content=\"index, follow, max-snippet:-1, max-image-preview:large, max-video-preview:-1\" \/>\n<link rel=\"canonical\" href=\"https:\/\/bioswing.ee\/de\/ueber-uns\/\" \/>\n<meta property=\"og:locale\" content=\"de_DE\" \/>\n<meta property=\"og:type\" content=\"article\" \/>\n<meta property=\"og:title\" content=\"\u00dcBER UNS - BIOSWING\" \/>\n<meta property=\"og:description\" content=\"In Deutschland entwickelt und hergestelltEine Passion f\u00fcr Gesundheit, Ergonomie und das Wohlbefinden der Menschen.\" \/>\n<meta property=\"og:url\" content=\"https:\/\/bioswing.ee\/de\/ueber-uns\/\" \/>\n<meta property=\"og:site_name\" content=\"BIOSWING\" \/>\n<meta property=\"article:modified_time\" content=\"2025-04-14T18:25:37+00:00\" \/>\n<meta property=\"og:image\" content=\"https:\/\/bioswing.ee\/wp-content\/uploads\/2023\/08\/pdf.png\" \/>\n<meta name=\"twitter:card\" content=\"summary_large_image\" \/>\n<meta name=\"twitter:label1\" content=\"Gesch\u00e4tzte Lesezeit\" \/>\n\t<meta name=\"twitter:data1\" content=\"2 Minuten\" \/>\n<script type=\"application\/ld+json\" class=\"yoast-schema-graph\">{\"@context\":\"https:\/\/schema.org\",\"@graph\":[{\"@type\":\"WebPage\",\"@id\":\"https:\/\/bioswing.ee\/de\/ueber-uns\/\",\"url\":\"https:\/\/bioswing.ee\/de\/ueber-uns\/\",\"name\":\"\u00dcBER UNS - BIOSWING\",\"isPartOf\":{\"@id\":\"https:\/\/bioswing.ee\/#website\"},\"primaryImageOfPage\":{\"@id\":\"https:\/\/bioswing.ee\/de\/ueber-uns\/#primaryimage\"},\"image\":{\"@id\":\"https:\/\/bioswing.ee\/de\/ueber-uns\/#primaryimage\"},\"thumbnailUrl\":\"https:\/\/bioswing.ee\/wp-content\/uploads\/2023\/08\/pdf.png\",\"datePublished\":\"2023-04-13T09:53:58+00:00\",\"dateModified\":\"2025-04-14T18:25:37+00:00\",\"description\":\"In Deutschland entwickelt und hergestelltEine Passion f\u00fcr Gesundheit, Ergonomie und das Wohlbefinden der Menschen.\",\"breadcrumb\":{\"@id\":\"https:\/\/bioswing.ee\/de\/ueber-uns\/#breadcrumb\"},\"inLanguage\":\"de-DE\",\"potentialAction\":[{\"@type\":\"ReadAction\",\"target\":[\"https:\/\/bioswing.ee\/de\/ueber-uns\/\"]}]},{\"@type\":\"ImageObject\",\"inLanguage\":\"de-DE\",\"@id\":\"https:\/\/bioswing.ee\/de\/ueber-uns\/#primaryimage\",\"url\":\"https:\/\/bioswing.ee\/wp-content\/uploads\/2023\/08\/pdf.png\",\"contentUrl\":\"https:\/\/bioswing.ee\/wp-content\/uploads\/2023\/08\/pdf.png\"},{\"@type\":\"BreadcrumbList\",\"@id\":\"https:\/\/bioswing.ee\/de\/ueber-uns\/#breadcrumb\",\"itemListElement\":[{\"@type\":\"ListItem\",\"position\":1,\"name\":\"Home\",\"item\":\"https:\/\/bioswing.ee\/de\/\"},{\"@type\":\"ListItem\",\"position\":2,\"name\":\"\u00dcBER UNS\"}]},{\"@type\":\"WebSite\",\"@id\":\"https:\/\/bioswing.ee\/#website\",\"url\":\"https:\/\/bioswing.ee\/\",\"name\":\"BIOSWING\",\"description\":\"Smart solutions for healthy sitting\",\"publisher\":{\"@id\":\"https:\/\/bioswing.ee\/#organization\"},\"potentialAction\":[{\"@type\":\"SearchAction\",\"target\":{\"@type\":\"EntryPoint\",\"urlTemplate\":\"https:\/\/bioswing.ee\/?s={search_term_string}\"},\"query-input\":{\"@type\":\"PropertyValueSpecification\",\"valueRequired\":true,\"valueName\":\"search_term_string\"}}],\"inLanguage\":\"de-DE\"},{\"@type\":\"Organization\",\"@id\":\"https:\/\/bioswing.ee\/#organization\",\"name\":\"BIOSWING\",\"url\":\"https:\/\/bioswing.ee\/\",\"logo\":{\"@type\":\"ImageObject\",\"inLanguage\":\"de-DE\",\"@id\":\"https:\/\/bioswing.ee\/#\/schema\/logo\/image\/\",\"url\":\"https:\/\/bioswing.ee\/wp-content\/uploads\/2023\/04\/logo_web.png\",\"contentUrl\":\"https:\/\/bioswing.ee\/wp-content\/uploads\/2023\/04\/logo_web.png\",\"width\":140,\"height\":122,\"caption\":\"BIOSWING\"},\"image\":{\"@id\":\"https:\/\/bioswing.ee\/#\/schema\/logo\/image\/\"}}]}<\/script>\n<!-- \/ Yoast SEO plugin. -->","yoast_head_json":{"title":"\u00dcBER UNS - BIOSWING","description":"In Deutschland entwickelt und hergestelltEine Passion f\u00fcr Gesundheit, Ergonomie und das Wohlbefinden der Menschen.","robots":{"index":"index","follow":"follow","max-snippet":"max-snippet:-1","max-image-preview":"max-image-preview:large","max-video-preview":"max-video-preview:-1"},"canonical":"https:\/\/bioswing.ee\/de\/ueber-uns\/","og_locale":"de_DE","og_type":"article","og_title":"\u00dcBER UNS - BIOSWING","og_description":"In Deutschland entwickelt und hergestelltEine Passion f\u00fcr Gesundheit, Ergonomie und das Wohlbefinden der Menschen.","og_url":"https:\/\/bioswing.ee\/de\/ueber-uns\/","og_site_name":"BIOSWING","article_modified_time":"2025-04-14T18:25:37+00:00","og_image":[{"url":"https:\/\/bioswing.ee\/wp-content\/uploads\/2023\/08\/pdf.png","type":"","width":"","height":""}],"twitter_card":"summary_large_image","twitter_misc":{"Gesch\u00e4tzte Lesezeit":"2 Minuten"},"schema":{"@context":"https:\/\/schema.org","@graph":[{"@type":"WebPage","@id":"https:\/\/bioswing.ee\/de\/ueber-uns\/","url":"https:\/\/bioswing.ee\/de\/ueber-uns\/","name":"\u00dcBER UNS - BIOSWING","isPartOf":{"@id":"https:\/\/bioswing.ee\/#website"},"primaryImageOfPage":{"@id":"https:\/\/bioswing.ee\/de\/ueber-uns\/#primaryimage"},"image":{"@id":"https:\/\/bioswing.ee\/de\/ueber-uns\/#primaryimage"},"thumbnailUrl":"https:\/\/bioswing.ee\/wp-content\/uploads\/2023\/08\/pdf.png","datePublished":"2023-04-13T09:53:58+00:00","dateModified":"2025-04-14T18:25:37+00:00","description":"In Deutschland entwickelt und hergestelltEine Passion f\u00fcr Gesundheit, Ergonomie und das Wohlbefinden der Menschen.","breadcrumb":{"@id":"https:\/\/bioswing.ee\/de\/ueber-uns\/#breadcrumb"},"inLanguage":"de-DE","potentialAction":[{"@type":"ReadAction","target":["https:\/\/bioswing.ee\/de\/ueber-uns\/"]}]},{"@type":"ImageObject","inLanguage":"de-DE","@id":"https:\/\/bioswing.ee\/de\/ueber-uns\/#primaryimage","url":"https:\/\/bioswing.ee\/wp-content\/uploads\/2023\/08\/pdf.png","contentUrl":"https:\/\/bioswing.ee\/wp-content\/uploads\/2023\/08\/pdf.png"},{"@type":"BreadcrumbList","@id":"https:\/\/bioswing.ee\/de\/ueber-uns\/#breadcrumb","itemListElement":[{"@type":"ListItem","position":1,"name":"Home","item":"https:\/\/bioswing.ee\/de\/"},{"@type":"ListItem","position":2,"name":"\u00dcBER UNS"}]},{"@type":"WebSite","@id":"https:\/\/bioswing.ee\/#website","url":"https:\/\/bioswing.ee\/","name":"BIOSWING","description":"Smart solutions for healthy sitting","publisher":{"@id":"https:\/\/bioswing.ee\/#organization"},"potentialAction":[{"@type":"SearchAction","target":{"@type":"EntryPoint","urlTemplate":"https:\/\/bioswing.ee\/?s={search_term_string}"},"query-input":{"@type":"PropertyValueSpecification","valueRequired":true,"valueName":"search_term_string"}}],"inLanguage":"de-DE"},{"@type":"Organization","@id":"https:\/\/bioswing.ee\/#organization","name":"BIOSWING","url":"https:\/\/bioswing.ee\/","logo":{"@type":"ImageObject","inLanguage":"de-DE","@id":"https:\/\/bioswing.ee\/#\/schema\/logo\/image\/","url":"https:\/\/bioswing.ee\/wp-content\/uploads\/2023\/04\/logo_web.png","contentUrl":"https:\/\/bioswing.ee\/wp-content\/uploads\/2023\/04\/logo_web.png","width":140,"height":122,"caption":"BIOSWING"},"image":{"@id":"https:\/\/bioswing.ee\/#\/schema\/logo\/image\/"}}]}},"_links":{"self":[{"href":"https:\/\/bioswing.ee\/de\/wp-json\/wp\/v2\/pages\/1972"}],"collection":[{"href":"https:\/\/bioswing.ee\/de\/wp-json\/wp\/v2\/pages"}],"about":[{"href":"https:\/\/bioswing.ee\/de\/wp-json\/wp\/v2\/types\/page"}],"author":[{"embeddable":true,"href":"https:\/\/bioswing.ee\/de\/wp-json\/wp\/v2\/users\/2"}],"replies":[{"embeddable":true,"href":"https:\/\/bioswing.ee\/de\/wp-json\/wp\/v2\/comments?post=1972"}],"version-history":[{"count":6,"href":"https:\/\/bioswing.ee\/de\/wp-json\/wp\/v2\/pages\/1972\/revisions"}],"predecessor-version":[{"id":27881,"href":"https:\/\/bioswing.ee\/de\/wp-json\/wp\/v2\/pages\/1972\/revisions\/27881"}],"wp:attachment":[{"href":"https:\/\/bioswing.ee\/de\/wp-json\/wp\/v2\/media?parent=1972"}],"curies":[{"name":"wp","href":"https:\/\/api.w.org\/{rel}","templated":true}]}}