{"id":1874,"date":"2023-04-13T12:12:36","date_gmt":"2023-04-13T12:12:36","guid":{"rendered":"https:\/\/bioswing.ee\/warum-bioswing\/more-health\/"},"modified":"2023-08-24T12:15:23","modified_gmt":"2023-08-24T12:15:23","slug":"mehr-gesundheit","status":"publish","type":"page","link":"https:\/\/bioswing.ee\/de\/warum-bioswing\/mehr-gesundheit\/","title":{"rendered":"MEHR GESUNDHEIT"},"content":{"rendered":"<p><div class=\"fusion-fullwidth fullwidth-box fusion-builder-row-1 fusion-flex-container has-pattern-background has-mask-background nonhundred-percent-fullwidth non-hundred-percent-height-scrolling\" style=\"--awb-border-radius-top-left:0px;--awb-border-radius-top-right:0px;--awb-border-radius-bottom-right:0px;--awb-border-radius-bottom-left:0px;--awb-flex-wrap:wrap;\" ><div class=\"fusion-builder-row fusion-row fusion-flex-align-items-center fusion-flex-content-wrap\" style=\"max-width:1248px;margin-left: calc(-4% \/ 2 );margin-right: calc(-4% \/ 2 );\"><div class=\"fusion-layout-column fusion_builder_column fusion-builder-column-0 fusion_builder_column_1_2 1_2 fusion-flex-column\" style=\"--awb-bg-size:cover;--awb-width-large:50%;--awb-margin-top-large:0px;--awb-spacing-right-large:3.84%;--awb-margin-bottom-large:20px;--awb-spacing-left-large:3.84%;--awb-width-medium:50%;--awb-order-medium:0;--awb-spacing-right-medium:3.84%;--awb-spacing-left-medium:3.84%;--awb-width-small:100%;--awb-order-small:0;--awb-spacing-right-small:1.92%;--awb-spacing-left-small:1.92%;\"><div class=\"fusion-column-wrapper fusion-column-has-shadow fusion-flex-justify-content-flex-start fusion-content-layout-column\"><div class=\"fusion-image-element \" style=\"--awb-caption-title-font-family:var(--h2_typography-font-family);--awb-caption-title-font-weight:var(--h2_typography-font-weight);--awb-caption-title-font-style:var(--h2_typography-font-style);--awb-caption-title-size:var(--h2_typography-font-size);--awb-caption-title-transform:var(--h2_typography-text-transform);--awb-caption-title-line-height:var(--h2_typography-line-height);--awb-caption-title-letter-spacing:var(--h2_typography-letter-spacing);\"><span class=\" fusion-imageframe imageframe-none imageframe-1 hover-type-none\"><img decoding=\"async\" width=\"800\" height=\"800\" title=\"mh1\" src=\"https:\/\/bioswing.ee\/wp-content\/uploads\/2023\/04\/mh1.jpg\" alt class=\"img-responsive wp-image-1875\" srcset=\"https:\/\/bioswing.ee\/wp-content\/uploads\/2023\/04\/mh1-200x200.jpg 200w, https:\/\/bioswing.ee\/wp-content\/uploads\/2023\/04\/mh1-400x400.jpg 400w, https:\/\/bioswing.ee\/wp-content\/uploads\/2023\/04\/mh1-600x600.jpg 600w, https:\/\/bioswing.ee\/wp-content\/uploads\/2023\/04\/mh1.jpg 800w\" sizes=\"(max-width: 640px) 100vw, 600px\" \/><\/span><\/div><\/div><\/div><div class=\"fusion-layout-column fusion_builder_column fusion-builder-column-1 fusion_builder_column_1_2 1_2 fusion-flex-column\" style=\"--awb-bg-size:cover;--awb-width-large:50%;--awb-margin-top-large:0px;--awb-spacing-right-large:3.84%;--awb-margin-bottom-large:20px;--awb-spacing-left-large:3.84%;--awb-width-medium:50%;--awb-order-medium:0;--awb-spacing-right-medium:3.84%;--awb-spacing-left-medium:3.84%;--awb-width-small:100%;--awb-order-small:0;--awb-spacing-right-small:1.92%;--awb-spacing-left-small:1.92%;\"><div class=\"fusion-column-wrapper fusion-column-has-shadow fusion-flex-justify-content-flex-start fusion-content-layout-column\"><div class=\"fusion-title title fusion-title-1 fusion-sep-none fusion-title-text fusion-title-size-one\"><h1 class=\"fusion-title-heading title-heading-left\" style=\"margin:0;\">Bewegung ist die Grundlage allen Lebens &#8230;<br \/>\n&#8230; und jedes Individuum sehnt sich grunds\u00e4tzlich nach Bewegung.<\/h1><\/div><div class=\"fusion-text fusion-text-1\"><p>Unser K\u00f6rper beinhaltet etwa 100 Billionen Zellen, die auf mehr als 200 verschiedene Arten zahlreiche und einzigartige Interaktionen ausf\u00fchren.<br \/>\nEin faszinierendes Meisterwerk mit einem beeindruckenden Potenzial, dass ununterbrochen pulsiert und f\u00fcr ein Leben voller Bewegungen gestaltet wurde. Unsere Vitalfunktionen verf\u00fcgen \u00fcber bestimmte Rhythmen, um zu erm\u00f6glichen, dass K\u00f6rper und Geist im Gleichklang sind.<\/p>\n<p>Anspannung und Entspannung, Aktivit\u00e4t und Regeneration, Einatmen und Ausatmen sind einige der polaren Kr\u00e4fte, die uns st\u00e4ndig rhythmisch bewegen und den inneren Takt vorgeben.<\/p>\n<p>Und 639 gro\u00dfe und kleine Muskeln in unserem K\u00f6rper warten st\u00e4ndig darauf, das perfekte Zusammenspiel zu \u00fcben und zu trainieren.<\/p>\n<\/div><\/div><\/div><\/div><\/div><div class=\"fusion-fullwidth fullwidth-box fusion-builder-row-2 fusion-flex-container has-pattern-background has-mask-background nonhundred-percent-fullwidth non-hundred-percent-height-scrolling\" style=\"--awb-border-radius-top-left:0px;--awb-border-radius-top-right:0px;--awb-border-radius-bottom-right:0px;--awb-border-radius-bottom-left:0px;--awb-flex-wrap:wrap;\" ><div class=\"fusion-builder-row fusion-row fusion-flex-align-items-center fusion-flex-content-wrap\" style=\"max-width:1248px;margin-left: calc(-4% \/ 2 );margin-right: calc(-4% \/ 2 );\"><div class=\"fusion-layout-column fusion_builder_column fusion-builder-column-2 fusion_builder_column_1_2 1_2 fusion-flex-column\" style=\"--awb-bg-size:cover;--awb-width-large:50%;--awb-margin-top-large:0px;--awb-spacing-right-large:3.84%;--awb-margin-bottom-large:20px;--awb-spacing-left-large:3.84%;--awb-width-medium:50%;--awb-order-medium:0;--awb-spacing-right-medium:3.84%;--awb-spacing-left-medium:3.84%;--awb-width-small:100%;--awb-order-small:0;--awb-spacing-right-small:1.92%;--awb-spacing-left-small:1.92%;\"><div class=\"fusion-column-wrapper fusion-column-has-shadow fusion-flex-justify-content-flex-start fusion-content-layout-column\"><div class=\"fusion-title title fusion-title-2 fusion-sep-none fusion-title-text fusion-title-size-one\"><h1 class=\"fusion-title-heading title-heading-left\" style=\"margin:0;\">Spielerische Bewegungen und die damit verbundenen anregenden Sinnesreize, Gef\u00fchle und geistigen Herausforderungen pr\u00e4gen entscheidend den weiteren Werdegang bis zur vollen k\u00f6rperlichen und geistigen Reife.<\/h1><\/div><div class=\"fusion-text fusion-text-2\"><p>Je mehr Sinnesreize dabei angeboten werden, desto mehr neue und stabile Verkn\u00fcpfungen werden dabei im Gehirn des Kindes angelegt.<\/p>\n<\/div><\/div><\/div><div class=\"fusion-layout-column fusion_builder_column fusion-builder-column-3 fusion_builder_column_1_2 1_2 fusion-flex-column\" style=\"--awb-bg-size:cover;--awb-width-large:50%;--awb-margin-top-large:0px;--awb-spacing-right-large:3.84%;--awb-margin-bottom-large:20px;--awb-spacing-left-large:3.84%;--awb-width-medium:50%;--awb-order-medium:0;--awb-spacing-right-medium:3.84%;--awb-spacing-left-medium:3.84%;--awb-width-small:100%;--awb-order-small:0;--awb-spacing-right-small:1.92%;--awb-spacing-left-small:1.92%;\"><div class=\"fusion-column-wrapper fusion-column-has-shadow fusion-flex-justify-content-flex-start fusion-content-layout-column\"><div class=\"fusion-image-element \" style=\"--awb-caption-title-font-family:var(--h2_typography-font-family);--awb-caption-title-font-weight:var(--h2_typography-font-weight);--awb-caption-title-font-style:var(--h2_typography-font-style);--awb-caption-title-size:var(--h2_typography-font-size);--awb-caption-title-transform:var(--h2_typography-text-transform);--awb-caption-title-line-height:var(--h2_typography-line-height);--awb-caption-title-letter-spacing:var(--h2_typography-letter-spacing);\"><span class=\" fusion-imageframe imageframe-none imageframe-2 hover-type-none\"><img decoding=\"async\" width=\"800\" height=\"800\" title=\"mh2\" src=\"https:\/\/bioswing.ee\/wp-content\/uploads\/2023\/04\/mh2.jpg\" alt class=\"img-responsive wp-image-1882\" srcset=\"https:\/\/bioswing.ee\/wp-content\/uploads\/2023\/04\/mh2-200x200.jpg 200w, https:\/\/bioswing.ee\/wp-content\/uploads\/2023\/04\/mh2-400x400.jpg 400w, https:\/\/bioswing.ee\/wp-content\/uploads\/2023\/04\/mh2-600x600.jpg 600w, https:\/\/bioswing.ee\/wp-content\/uploads\/2023\/04\/mh2.jpg 800w\" sizes=\"(max-width: 640px) 100vw, 600px\" \/><\/span><\/div><\/div><\/div><\/div><\/div><div class=\"fusion-fullwidth fullwidth-box fusion-builder-row-3 fusion-flex-container has-pattern-background has-mask-background nonhundred-percent-fullwidth non-hundred-percent-height-scrolling\" style=\"--awb-border-radius-top-left:0px;--awb-border-radius-top-right:0px;--awb-border-radius-bottom-right:0px;--awb-border-radius-bottom-left:0px;--awb-padding-top:100px;--awb-padding-bottom:100px;--awb-flex-wrap:wrap;\" ><div class=\"fusion-builder-row fusion-row fusion-flex-align-items-center fusion-flex-content-wrap\" style=\"max-width:1248px;margin-left: calc(-4% \/ 2 );margin-right: calc(-4% \/ 2 );\"><div class=\"fusion-layout-column fusion_builder_column fusion-builder-column-4 fusion_builder_column_1_1 1_1 fusion-flex-column\" style=\"--awb-bg-size:cover;--awb-width-large:100%;--awb-margin-top-large:0px;--awb-spacing-right-large:1.92%;--awb-margin-bottom-large:20px;--awb-spacing-left-large:1.92%;--awb-width-medium:100%;--awb-order-medium:0;--awb-spacing-right-medium:1.92%;--awb-spacing-left-medium:1.92%;--awb-width-small:100%;--awb-order-small:0;--awb-spacing-right-small:1.92%;--awb-spacing-left-small:1.92%;\"><div class=\"fusion-column-wrapper fusion-column-has-shadow fusion-flex-justify-content-flex-start fusion-content-layout-column\"><div class=\"fusion-text fusion-text-3\"><p style=\"text-align: center;\">Die Statistiken der Krankenkasse verzeichnen trotz aller Bem\u00fchungen um ergonomische Arbeitspl\u00e4tze einen weiteren Anstieg an AU-Tagen (Arbeitsunf\u00e4higkeit) bei Wirbels\u00e4ulen- und Skeletterkrankungen.<\/p>\n<p style=\"text-align: center;\">R\u00fcckenschmerzen sind immer noch die unr\u00fchmliche Nummer 1 bei den Einzeldiagnosen und z\u00e4hlen laut DAK und Statistischem Bundesamt zu den teuersten Erkrankungen in Deutschland. Mit zu den Hauptursachen z\u00e4hlt akuter Bewegungsmangel.<\/p>\n<p style=\"text-align: center;\">Die durchschnittliche statistische Falldauer bei R\u00fcckenschmerzen betrug 2017 laut DAK-Statistik 12,4 Tage, bei Bandscheibensch\u00e4den schon 42 Tage.<\/p>\n<\/div><\/div><\/div><\/div><\/div><\/p>\n","protected":false},"excerpt":{"rendered":"","protected":false},"author":2,"featured_media":0,"parent":1787,"menu_order":0,"comment_status":"closed","ping_status":"closed","template":"100-width.php","meta":{"_acf_changed":false,"footnotes":""},"class_list":["post-1874","page","type-page","status-publish","hentry"],"acf":[],"yoast_head":"<!-- This site is optimized with the Yoast SEO plugin v24.3 - https:\/\/yoast.com\/wordpress\/plugins\/seo\/ -->\n<title>MEHR GESUNDHEIT - BIOSWING<\/title>\n<meta name=\"description\" content=\"Bewegung ist die Grundlage allen Lebens \u2026\u2026 und jedes Individuum sehnt sich grunds\u00e4tzlich nach Bewegung.\" \/>\n<meta name=\"robots\" content=\"index, follow, max-snippet:-1, max-image-preview:large, max-video-preview:-1\" \/>\n<link rel=\"canonical\" href=\"https:\/\/bioswing.ee\/de\/warum-bioswing\/mehr-gesundheit\/\" \/>\n<meta property=\"og:locale\" content=\"de_DE\" \/>\n<meta property=\"og:type\" content=\"article\" \/>\n<meta property=\"og:title\" content=\"MEHR GESUNDHEIT - BIOSWING\" \/>\n<meta property=\"og:description\" content=\"Bewegung ist die Grundlage allen Lebens \u2026\u2026 und jedes Individuum sehnt sich grunds\u00e4tzlich nach Bewegung.\" \/>\n<meta property=\"og:url\" content=\"https:\/\/bioswing.ee\/de\/warum-bioswing\/mehr-gesundheit\/\" \/>\n<meta property=\"og:site_name\" content=\"BIOSWING\" \/>\n<meta property=\"article:modified_time\" content=\"2023-08-24T12:15:23+00:00\" \/>\n<meta name=\"twitter:card\" content=\"summary_large_image\" \/>\n<meta name=\"twitter:label1\" content=\"Gesch\u00e4tzte Lesezeit\" \/>\n\t<meta name=\"twitter:data1\" content=\"9 Minuten\" \/>\n<script type=\"application\/ld+json\" class=\"yoast-schema-graph\">{\"@context\":\"https:\/\/schema.org\",\"@graph\":[{\"@type\":\"WebPage\",\"@id\":\"https:\/\/bioswing.ee\/de\/warum-bioswing\/mehr-gesundheit\/\",\"url\":\"https:\/\/bioswing.ee\/de\/warum-bioswing\/mehr-gesundheit\/\",\"name\":\"MEHR GESUNDHEIT - BIOSWING\",\"isPartOf\":{\"@id\":\"https:\/\/bioswing.ee\/#website\"},\"datePublished\":\"2023-04-13T12:12:36+00:00\",\"dateModified\":\"2023-08-24T12:15:23+00:00\",\"description\":\"Bewegung ist die Grundlage allen Lebens \u2026\u2026 und jedes Individuum sehnt sich grunds\u00e4tzlich nach Bewegung.\",\"breadcrumb\":{\"@id\":\"https:\/\/bioswing.ee\/de\/warum-bioswing\/mehr-gesundheit\/#breadcrumb\"},\"inLanguage\":\"de-DE\",\"potentialAction\":[{\"@type\":\"ReadAction\",\"target\":[\"https:\/\/bioswing.ee\/de\/warum-bioswing\/mehr-gesundheit\/\"]}]},{\"@type\":\"BreadcrumbList\",\"@id\":\"https:\/\/bioswing.ee\/de\/warum-bioswing\/mehr-gesundheit\/#breadcrumb\",\"itemListElement\":[{\"@type\":\"ListItem\",\"position\":1,\"name\":\"Home\",\"item\":\"https:\/\/bioswing.ee\/de\/\"},{\"@type\":\"ListItem\",\"position\":2,\"name\":\"WARUM BIOSWING?\",\"item\":\"https:\/\/bioswing.ee\/de\/warum-bioswing\/\"},{\"@type\":\"ListItem\",\"position\":3,\"name\":\"MEHR GESUNDHEIT\"}]},{\"@type\":\"WebSite\",\"@id\":\"https:\/\/bioswing.ee\/#website\",\"url\":\"https:\/\/bioswing.ee\/\",\"name\":\"BIOSWING\",\"description\":\"Smart solutions for healthy sitting\",\"publisher\":{\"@id\":\"https:\/\/bioswing.ee\/#organization\"},\"potentialAction\":[{\"@type\":\"SearchAction\",\"target\":{\"@type\":\"EntryPoint\",\"urlTemplate\":\"https:\/\/bioswing.ee\/?s={search_term_string}\"},\"query-input\":{\"@type\":\"PropertyValueSpecification\",\"valueRequired\":true,\"valueName\":\"search_term_string\"}}],\"inLanguage\":\"de-DE\"},{\"@type\":\"Organization\",\"@id\":\"https:\/\/bioswing.ee\/#organization\",\"name\":\"BIOSWING\",\"url\":\"https:\/\/bioswing.ee\/\",\"logo\":{\"@type\":\"ImageObject\",\"inLanguage\":\"de-DE\",\"@id\":\"https:\/\/bioswing.ee\/#\/schema\/logo\/image\/\",\"url\":\"https:\/\/bioswing.ee\/wp-content\/uploads\/2023\/04\/logo_web.png\",\"contentUrl\":\"https:\/\/bioswing.ee\/wp-content\/uploads\/2023\/04\/logo_web.png\",\"width\":140,\"height\":122,\"caption\":\"BIOSWING\"},\"image\":{\"@id\":\"https:\/\/bioswing.ee\/#\/schema\/logo\/image\/\"}}]}<\/script>\n<!-- \/ Yoast SEO plugin. -->","yoast_head_json":{"title":"MEHR GESUNDHEIT - BIOSWING","description":"Bewegung ist die Grundlage allen Lebens \u2026\u2026 und jedes Individuum sehnt sich grunds\u00e4tzlich nach Bewegung.","robots":{"index":"index","follow":"follow","max-snippet":"max-snippet:-1","max-image-preview":"max-image-preview:large","max-video-preview":"max-video-preview:-1"},"canonical":"https:\/\/bioswing.ee\/de\/warum-bioswing\/mehr-gesundheit\/","og_locale":"de_DE","og_type":"article","og_title":"MEHR GESUNDHEIT - BIOSWING","og_description":"Bewegung ist die Grundlage allen Lebens \u2026\u2026 und jedes Individuum sehnt sich grunds\u00e4tzlich nach Bewegung.","og_url":"https:\/\/bioswing.ee\/de\/warum-bioswing\/mehr-gesundheit\/","og_site_name":"BIOSWING","article_modified_time":"2023-08-24T12:15:23+00:00","twitter_card":"summary_large_image","twitter_misc":{"Gesch\u00e4tzte Lesezeit":"9 Minuten"},"schema":{"@context":"https:\/\/schema.org","@graph":[{"@type":"WebPage","@id":"https:\/\/bioswing.ee\/de\/warum-bioswing\/mehr-gesundheit\/","url":"https:\/\/bioswing.ee\/de\/warum-bioswing\/mehr-gesundheit\/","name":"MEHR GESUNDHEIT - BIOSWING","isPartOf":{"@id":"https:\/\/bioswing.ee\/#website"},"datePublished":"2023-04-13T12:12:36+00:00","dateModified":"2023-08-24T12:15:23+00:00","description":"Bewegung ist die Grundlage allen Lebens \u2026\u2026 und jedes Individuum sehnt sich grunds\u00e4tzlich nach Bewegung.","breadcrumb":{"@id":"https:\/\/bioswing.ee\/de\/warum-bioswing\/mehr-gesundheit\/#breadcrumb"},"inLanguage":"de-DE","potentialAction":[{"@type":"ReadAction","target":["https:\/\/bioswing.ee\/de\/warum-bioswing\/mehr-gesundheit\/"]}]},{"@type":"BreadcrumbList","@id":"https:\/\/bioswing.ee\/de\/warum-bioswing\/mehr-gesundheit\/#breadcrumb","itemListElement":[{"@type":"ListItem","position":1,"name":"Home","item":"https:\/\/bioswing.ee\/de\/"},{"@type":"ListItem","position":2,"name":"WARUM BIOSWING?","item":"https:\/\/bioswing.ee\/de\/warum-bioswing\/"},{"@type":"ListItem","position":3,"name":"MEHR GESUNDHEIT"}]},{"@type":"WebSite","@id":"https:\/\/bioswing.ee\/#website","url":"https:\/\/bioswing.ee\/","name":"BIOSWING","description":"Smart solutions for healthy sitting","publisher":{"@id":"https:\/\/bioswing.ee\/#organization"},"potentialAction":[{"@type":"SearchAction","target":{"@type":"EntryPoint","urlTemplate":"https:\/\/bioswing.ee\/?s={search_term_string}"},"query-input":{"@type":"PropertyValueSpecification","valueRequired":true,"valueName":"search_term_string"}}],"inLanguage":"de-DE"},{"@type":"Organization","@id":"https:\/\/bioswing.ee\/#organization","name":"BIOSWING","url":"https:\/\/bioswing.ee\/","logo":{"@type":"ImageObject","inLanguage":"de-DE","@id":"https:\/\/bioswing.ee\/#\/schema\/logo\/image\/","url":"https:\/\/bioswing.ee\/wp-content\/uploads\/2023\/04\/logo_web.png","contentUrl":"https:\/\/bioswing.ee\/wp-content\/uploads\/2023\/04\/logo_web.png","width":140,"height":122,"caption":"BIOSWING"},"image":{"@id":"https:\/\/bioswing.ee\/#\/schema\/logo\/image\/"}}]}},"_links":{"self":[{"href":"https:\/\/bioswing.ee\/de\/wp-json\/wp\/v2\/pages\/1874"}],"collection":[{"href":"https:\/\/bioswing.ee\/de\/wp-json\/wp\/v2\/pages"}],"about":[{"href":"https:\/\/bioswing.ee\/de\/wp-json\/wp\/v2\/types\/page"}],"author":[{"embeddable":true,"href":"https:\/\/bioswing.ee\/de\/wp-json\/wp\/v2\/users\/2"}],"replies":[{"embeddable":true,"href":"https:\/\/bioswing.ee\/de\/wp-json\/wp\/v2\/comments?post=1874"}],"version-history":[{"count":4,"href":"https:\/\/bioswing.ee\/de\/wp-json\/wp\/v2\/pages\/1874\/revisions"}],"predecessor-version":[{"id":1890,"href":"https:\/\/bioswing.ee\/de\/wp-json\/wp\/v2\/pages\/1874\/revisions\/1890"}],"up":[{"embeddable":true,"href":"https:\/\/bioswing.ee\/de\/wp-json\/wp\/v2\/pages\/1787"}],"wp:attachment":[{"href":"https:\/\/bioswing.ee\/de\/wp-json\/wp\/v2\/media?parent=1874"}],"curies":[{"name":"wp","href":"https:\/\/api.w.org\/{rel}","templated":true}]}}