{"id":36704,"date":"2026-04-01T21:03:33","date_gmt":"2026-04-01T21:03:33","guid":{"rendered":"https:\/\/bioswing.ee\/?post_type=product&#038;p=36704"},"modified":"2026-04-01T21:13:40","modified_gmt":"2026-04-01T21:13:40","slug":"bioswing-260-iq-copy-copy-copy-copy-copy-copy-copy-copy-copy-copy-copy-copy-copy-copy-copy-copy-copy-copy-copy-copy-copy-copy-copy-copy","status":"publish","type":"product","link":"https:\/\/bioswing.ee\/da\/toode\/bioswing-260-iq-copy-copy-copy-copy-copy-copy-copy-copy-copy-copy-copy-copy-copy-copy-copy-copy-copy-copy-copy-copy-copy-copy-copy-copy\/","title":{"rendered":"BIOSWING 260 iQ (Copy) (Copy) (Copy) (Copy) (Copy) (Copy) (Copy) (Copy) (Copy) (Copy) (Copy) (Copy) (Copy) (Copy) (Copy) (Copy) (Copy) (Copy) (Copy) (Copy) (Copy) (Copy) (Copy) (Copy)"},"content":{"rendered":"<h4>BIOSWING 260 iQ<\/h4>\n<ul>\n<li>Ergonomisk kontorstol med ortop\u00e6disk effekt<\/li>\n<li>Integreret, adaptiv 3D-s\u00e6demekanisme<\/li>\n<li>Synkronmekanisme med automatisk v\u00e6gtjustering (samt finjustering)<\/li>\n<li>Arml\u00e6n med individuelt justerbar h\u00f8jde<\/li>\n<li>Individuel s\u00e6deh\u00e6ldningsjustering, ved hj\u00e6lp af enten b\u00e6kkenstabilisator eller gasfjeder<\/li>\n<li>Siddedybden kan justeres for at passe til benl\u00e6ngden<\/li>\n<li>Rygl\u00e6n med justerbar h\u00f8jde, yderligere med integreret l\u00e6ndest\u00f8tte<\/li>\n<li>Rygst\u00f8ttens h\u00f8jde: 60 cm<\/li>\n<li>Stofbetr\u00e6k: X-treme FR sort<\/li>\n<li>Stjernefod: Plastik, sort<\/li>\n<\/ul>\n<p><iframe title=\"YouTube video player\" src=\"https:\/\/www.youtube.com\/embed\/eWx3ptVNA2o\" width=\"100%\" height=\"450\" frameborder=\"0\" allowfullscreen=\"allowfullscreen\"><\/iframe><\/p>\n<p><iframe title=\"YouTube video player\" src=\"https:\/\/www.youtube.com\/embed\/RdAkGYfQRU0?si=iZjPFPN7BfNfVNQH\" width=\"100%\" height=\"450\" frameborder=\"0\" allowfullscreen=\"allowfullscreen\"><\/iframe><\/p>\n","protected":false},"excerpt":{"rendered":"<h4>Motivation og sundhed er t\u00e6t forbundet med, hvor godt stolen er i harmoni med en persons anatomi.<\/h4>\n<p>Jo mere pr\u00e6cist en kontorstol kan tilpasses dine personlige behov, desto bedre \u2013 is\u00e6r hvis du skal sidde i l\u00e6ngere perioder.<br \/>Nedenfor pr\u00e6senterer vi de vigtigste justeringsmuligheder i 2-serien.<\/p>\n<h4>En BIOSWING 2-serie kontorstol giver masser af ekstra bev\u00e6gelse, mens du sidder.<\/h4>\n<p>Takket v\u00e6re de forskellige mekanismer reagerer 2-serien ikke kun p\u00e5 alle bev\u00e6gelser <strong>fra brugeren<\/strong>, men tilpasser sig ogs\u00e5 individuelt i overensstemmelse med hver kropsholdning, du p\u00e5tager dig i l\u00f8bet af en lang dag. Og desuden er den bedste holdning altid den n\u00e6ste.<br \/>Vores rygs\u00f8jle elsker en opretst\u00e5ende holdning kombineret med masser af aktiv bev\u00e6gelse. 2-serien (bestseller) er udstyret med enten en individuelt justerbar s\u00e6deh\u00e6ldningsjustering eller b\u00e6kkenstabilisator med en vidunderligt bl\u00f8d respons, s\u00e5 du nemt kan bev\u00e6ge dit b\u00e6kken og dermed ogs\u00e5 din rygs\u00f8jle ind i den naturlige S-form.<br \/>En af vores mange ergonomieksperter vil med gl\u00e6de vise dig forskellene mellem de to mekanismer live og lade dig pr\u00f8ve dem. <\/p>\n<p>Aktiv bev\u00e6gelse kombineret med en opretst\u00e5ende holdning er godt for rygs\u00f8jlen. Med den <strong>individuelt justerbare<\/strong> s\u00e6deh\u00e6ldningsjustering kan du tilpasse h\u00e6ldningen af enhver model fra 2-serien, <strong>s\u00e5 din rygs\u00f8jle bevarer sin naturlige S-form<\/strong> takket v\u00e6re din b\u00e6kkenjustering.<\/p>\n<p><img decoding=\"async\" class=\"alignnone wp-image-916\" src=\"https:\/\/bioswing.ee\/wp-content\/uploads\/2023\/04\/pdf.png\" alt=\"pdf\" width=\"19\" height=\"20\"> <a href=\"https:\/\/bioswing.ee\/wp-content\/uploads\/2023\/04\/produktblatt_260_v02_EN.pdf\" target=\"_blank\" rel=\"noopener\">Download Product Sheet (PDF)<\/a><\/p>\n","protected":false},"featured_media":36849,"template":"","meta":{"_acf_changed":false},"product_brand":[],"product_cat":[],"product_tag":[],"class_list":{"0":"post-36704","1":"product","2":"type-product","3":"status-publish","4":"has-post-thumbnail","7":"first","8":"instock","9":"sale","10":"taxable","11":"shipping-taxable","12":"purchasable","13":"product-type-simple"},"acf":[],"yoast_head":"<!-- This site is optimized with the Yoast SEO plugin v24.3 - https:\/\/yoast.com\/wordpress\/plugins\/seo\/ -->\n<title>BIOSWING 260 iQ (Copy) (Copy) (Copy) (Copy) (Copy) (Copy) (Copy) (Copy) (Copy) (Copy) (Copy) (Copy) (Copy) (Copy) (Copy) (Copy) (Copy) (Copy) (Copy) (Copy) (Copy) (Copy) (Copy) (Copy) - BIOSWING<\/title>\n<meta name=\"robots\" content=\"index, follow, max-snippet:-1, max-image-preview:large, max-video-preview:-1\" \/>\n<link rel=\"canonical\" href=\"https:\/\/bioswing.ee\/da\/toode\/bioswing-260-iq-copy-copy-copy-copy-copy-copy-copy-copy-copy-copy-copy-copy-copy-copy-copy-copy-copy-copy-copy-copy-copy-copy-copy-copy\/\" \/>\n<meta property=\"og:locale\" content=\"da_DK\" \/>\n<meta property=\"og:type\" content=\"article\" \/>\n<meta property=\"og:title\" content=\"BIOSWING 260 iQ (Copy) (Copy) (Copy) (Copy) (Copy) (Copy) (Copy) (Copy) (Copy) (Copy) (Copy) (Copy) (Copy) (Copy) (Copy) (Copy) (Copy) (Copy) (Copy) (Copy) (Copy) (Copy) (Copy) (Copy) - BIOSWING\" \/>\n<meta property=\"og:description\" content=\"Motivation og sundhed er t\u00e6t forbundet med, hvor godt stolen er i harmoni med en persons anatomi. Jo mere pr\u00e6cist en kontorstol kan tilpasses dine personlige behov, desto bedre \u2013 is\u00e6r hvis du skal sidde i l\u00e6ngere perioder.Nedenfor pr\u00e6senterer vi de vigtigste justeringsmuligheder i 2-serien.  En BIOSWING 2-serie kontorstol giver masser af ekstra bev\u00e6gelse, mens du sidder. Takket v\u00e6re de forskellige mekanismer reagerer 2-serien ikke kun p\u00e5 alle bev\u00e6gelser fra brugeren, men tilpasser sig ogs\u00e5 individuelt i overensstemmelse med hver kropsholdning, du p\u00e5tager dig i l\u00f8bet af en lang dag. Og desuden er den bedste holdning altid den n\u00e6ste.Vores rygs\u00f8jle elsker en opretst\u00e5ende holdning kombineret med masser af aktiv bev\u00e6gelse. 2-serien (bestseller) er udstyret med enten en individuelt justerbar s\u00e6deh\u00e6ldningsjustering eller b\u00e6kkenstabilisator med en vidunderligt bl\u00f8d respons, s\u00e5 du nemt kan bev\u00e6ge dit b\u00e6kken og dermed ogs\u00e5 din rygs\u00f8jle ind i den naturlige S-form.En af vores mange ergonomieksperter vil med gl\u00e6de vise dig forskellene mellem de to mekanismer live og lade dig pr\u00f8ve dem.    Aktiv bev\u00e6gelse kombineret med en opretst\u00e5ende holdning er godt for rygs\u00f8jlen. Med den individuelt justerbare s\u00e6deh\u00e6ldningsjustering kan du tilpasse h\u00e6ldningen af enhver model fra 2-serien, s\u00e5 din rygs\u00f8jle bevarer sin naturlige S-form takket v\u00e6re din b\u00e6kkenjustering.  Download Product Sheet (PDF)\" \/>\n<meta property=\"og:url\" content=\"https:\/\/bioswing.ee\/da\/toode\/bioswing-260-iq-copy-copy-copy-copy-copy-copy-copy-copy-copy-copy-copy-copy-copy-copy-copy-copy-copy-copy-copy-copy-copy-copy-copy-copy\/\" \/>\n<meta property=\"og:site_name\" content=\"BIOSWING\" \/>\n<meta property=\"article:modified_time\" content=\"2026-04-01T21:13:40+00:00\" \/>\n<meta property=\"og:image\" content=\"https:\/\/bioswing.ee\/wp-content\/uploads\/2026\/04\/bioswing_350_1-1.jpg\" \/>\n\t<meta property=\"og:image:width\" content=\"800\" \/>\n\t<meta property=\"og:image:height\" content=\"1067\" \/>\n\t<meta property=\"og:image:type\" content=\"image\/jpeg\" \/>\n<meta name=\"twitter:card\" content=\"summary_large_image\" \/>\n<meta name=\"twitter:label1\" content=\"Estimeret l\u00e6setid\" \/>\n\t<meta name=\"twitter:data1\" content=\"1 minut\" \/>\n<script type=\"application\/ld+json\" class=\"yoast-schema-graph\">{\"@context\":\"https:\/\/schema.org\",\"@graph\":[{\"@type\":\"WebPage\",\"@id\":\"https:\/\/bioswing.ee\/da\/toode\/bioswing-260-iq-copy-copy-copy-copy-copy-copy-copy-copy-copy-copy-copy-copy-copy-copy-copy-copy-copy-copy-copy-copy-copy-copy-copy-copy\/\",\"url\":\"https:\/\/bioswing.ee\/da\/toode\/bioswing-260-iq-copy-copy-copy-copy-copy-copy-copy-copy-copy-copy-copy-copy-copy-copy-copy-copy-copy-copy-copy-copy-copy-copy-copy-copy\/\",\"name\":\"BIOSWING 260 iQ (Copy) (Copy) (Copy) (Copy) (Copy) (Copy) (Copy) (Copy) (Copy) (Copy) (Copy) (Copy) (Copy) (Copy) (Copy) (Copy) (Copy) (Copy) (Copy) (Copy) (Copy) (Copy) (Copy) (Copy) - BIOSWING\",\"isPartOf\":{\"@id\":\"https:\/\/bioswing.ee\/#website\"},\"primaryImageOfPage\":{\"@id\":\"https:\/\/bioswing.ee\/da\/toode\/bioswing-260-iq-copy-copy-copy-copy-copy-copy-copy-copy-copy-copy-copy-copy-copy-copy-copy-copy-copy-copy-copy-copy-copy-copy-copy-copy\/#primaryimage\"},\"image\":{\"@id\":\"https:\/\/bioswing.ee\/da\/toode\/bioswing-260-iq-copy-copy-copy-copy-copy-copy-copy-copy-copy-copy-copy-copy-copy-copy-copy-copy-copy-copy-copy-copy-copy-copy-copy-copy\/#primaryimage\"},\"thumbnailUrl\":\"https:\/\/bioswing.ee\/wp-content\/uploads\/2026\/04\/bioswing_350_1-1.jpg\",\"datePublished\":\"2026-04-01T21:03:33+00:00\",\"dateModified\":\"2026-04-01T21:13:40+00:00\",\"breadcrumb\":{\"@id\":\"https:\/\/bioswing.ee\/da\/toode\/bioswing-260-iq-copy-copy-copy-copy-copy-copy-copy-copy-copy-copy-copy-copy-copy-copy-copy-copy-copy-copy-copy-copy-copy-copy-copy-copy\/#breadcrumb\"},\"inLanguage\":\"da-DK\",\"potentialAction\":[{\"@type\":\"ReadAction\",\"target\":[\"https:\/\/bioswing.ee\/da\/toode\/bioswing-260-iq-copy-copy-copy-copy-copy-copy-copy-copy-copy-copy-copy-copy-copy-copy-copy-copy-copy-copy-copy-copy-copy-copy-copy-copy\/\"]}]},{\"@type\":\"ImageObject\",\"inLanguage\":\"da-DK\",\"@id\":\"https:\/\/bioswing.ee\/da\/toode\/bioswing-260-iq-copy-copy-copy-copy-copy-copy-copy-copy-copy-copy-copy-copy-copy-copy-copy-copy-copy-copy-copy-copy-copy-copy-copy-copy\/#primaryimage\",\"url\":\"https:\/\/bioswing.ee\/wp-content\/uploads\/2026\/04\/bioswing_350_1-1.jpg\",\"contentUrl\":\"https:\/\/bioswing.ee\/wp-content\/uploads\/2026\/04\/bioswing_350_1-1.jpg\",\"width\":800,\"height\":1067},{\"@type\":\"BreadcrumbList\",\"@id\":\"https:\/\/bioswing.ee\/da\/toode\/bioswing-260-iq-copy-copy-copy-copy-copy-copy-copy-copy-copy-copy-copy-copy-copy-copy-copy-copy-copy-copy-copy-copy-copy-copy-copy-copy\/#breadcrumb\",\"itemListElement\":[{\"@type\":\"ListItem\",\"position\":1,\"name\":\"Home\",\"item\":\"https:\/\/bioswing.ee\/\"},{\"@type\":\"ListItem\",\"position\":2,\"name\":\"SHOP\",\"item\":\"https:\/\/bioswing.ee\/da\/shop\/\"},{\"@type\":\"ListItem\",\"position\":3,\"name\":\"BIOSWING 260 iQ (Copy) (Copy) (Copy) (Copy) (Copy) (Copy) (Copy) (Copy) (Copy) (Copy) (Copy) (Copy) (Copy) (Copy) (Copy) (Copy) (Copy) (Copy) (Copy) (Copy) (Copy) (Copy) (Copy) (Copy)\"}]},{\"@type\":\"WebSite\",\"@id\":\"https:\/\/bioswing.ee\/#website\",\"url\":\"https:\/\/bioswing.ee\/\",\"name\":\"BIOSWING\",\"description\":\"Smart solutions for healthy sitting\",\"publisher\":{\"@id\":\"https:\/\/bioswing.ee\/#organization\"},\"potentialAction\":[{\"@type\":\"SearchAction\",\"target\":{\"@type\":\"EntryPoint\",\"urlTemplate\":\"https:\/\/bioswing.ee\/?s={search_term_string}\"},\"query-input\":{\"@type\":\"PropertyValueSpecification\",\"valueRequired\":true,\"valueName\":\"search_term_string\"}}],\"inLanguage\":\"da-DK\"},{\"@type\":\"Organization\",\"@id\":\"https:\/\/bioswing.ee\/#organization\",\"name\":\"BIOSWING\",\"url\":\"https:\/\/bioswing.ee\/\",\"logo\":{\"@type\":\"ImageObject\",\"inLanguage\":\"da-DK\",\"@id\":\"https:\/\/bioswing.ee\/#\/schema\/logo\/image\/\",\"url\":\"https:\/\/bioswing.ee\/wp-content\/uploads\/2023\/04\/logo_web.png\",\"contentUrl\":\"https:\/\/bioswing.ee\/wp-content\/uploads\/2023\/04\/logo_web.png\",\"width\":140,\"height\":122,\"caption\":\"BIOSWING\"},\"image\":{\"@id\":\"https:\/\/bioswing.ee\/#\/schema\/logo\/image\/\"}}]}<\/script>\n<!-- \/ Yoast SEO plugin. -->","yoast_head_json":{"title":"BIOSWING 260 iQ (Copy) (Copy) (Copy) (Copy) (Copy) (Copy) (Copy) (Copy) (Copy) (Copy) (Copy) (Copy) (Copy) (Copy) (Copy) (Copy) (Copy) (Copy) (Copy) (Copy) (Copy) (Copy) (Copy) (Copy) - BIOSWING","robots":{"index":"index","follow":"follow","max-snippet":"max-snippet:-1","max-image-preview":"max-image-preview:large","max-video-preview":"max-video-preview:-1"},"canonical":"https:\/\/bioswing.ee\/da\/toode\/bioswing-260-iq-copy-copy-copy-copy-copy-copy-copy-copy-copy-copy-copy-copy-copy-copy-copy-copy-copy-copy-copy-copy-copy-copy-copy-copy\/","og_locale":"da_DK","og_type":"article","og_title":"BIOSWING 260 iQ (Copy) (Copy) (Copy) (Copy) (Copy) (Copy) (Copy) (Copy) (Copy) (Copy) (Copy) (Copy) (Copy) (Copy) (Copy) (Copy) (Copy) (Copy) (Copy) (Copy) (Copy) (Copy) (Copy) (Copy) - BIOSWING","og_description":"Motivation og sundhed er t\u00e6t forbundet med, hvor godt stolen er i harmoni med en persons anatomi. Jo mere pr\u00e6cist en kontorstol kan tilpasses dine personlige behov, desto bedre \u2013 is\u00e6r hvis du skal sidde i l\u00e6ngere perioder.Nedenfor pr\u00e6senterer vi de vigtigste justeringsmuligheder i 2-serien.  En BIOSWING 2-serie kontorstol giver masser af ekstra bev\u00e6gelse, mens du sidder. Takket v\u00e6re de forskellige mekanismer reagerer 2-serien ikke kun p\u00e5 alle bev\u00e6gelser fra brugeren, men tilpasser sig ogs\u00e5 individuelt i overensstemmelse med hver kropsholdning, du p\u00e5tager dig i l\u00f8bet af en lang dag. Og desuden er den bedste holdning altid den n\u00e6ste.Vores rygs\u00f8jle elsker en opretst\u00e5ende holdning kombineret med masser af aktiv bev\u00e6gelse. 2-serien (bestseller) er udstyret med enten en individuelt justerbar s\u00e6deh\u00e6ldningsjustering eller b\u00e6kkenstabilisator med en vidunderligt bl\u00f8d respons, s\u00e5 du nemt kan bev\u00e6ge dit b\u00e6kken og dermed ogs\u00e5 din rygs\u00f8jle ind i den naturlige S-form.En af vores mange ergonomieksperter vil med gl\u00e6de vise dig forskellene mellem de to mekanismer live og lade dig pr\u00f8ve dem.    Aktiv bev\u00e6gelse kombineret med en opretst\u00e5ende holdning er godt for rygs\u00f8jlen. Med den individuelt justerbare s\u00e6deh\u00e6ldningsjustering kan du tilpasse h\u00e6ldningen af enhver model fra 2-serien, s\u00e5 din rygs\u00f8jle bevarer sin naturlige S-form takket v\u00e6re din b\u00e6kkenjustering.  Download Product Sheet (PDF)","og_url":"https:\/\/bioswing.ee\/da\/toode\/bioswing-260-iq-copy-copy-copy-copy-copy-copy-copy-copy-copy-copy-copy-copy-copy-copy-copy-copy-copy-copy-copy-copy-copy-copy-copy-copy\/","og_site_name":"BIOSWING","article_modified_time":"2026-04-01T21:13:40+00:00","og_image":[{"width":800,"height":1067,"url":"https:\/\/bioswing.ee\/wp-content\/uploads\/2026\/04\/bioswing_350_1-1.jpg","type":"image\/jpeg"}],"twitter_card":"summary_large_image","twitter_misc":{"Estimeret l\u00e6setid":"1 minut"},"schema":{"@context":"https:\/\/schema.org","@graph":[{"@type":"WebPage","@id":"https:\/\/bioswing.ee\/da\/toode\/bioswing-260-iq-copy-copy-copy-copy-copy-copy-copy-copy-copy-copy-copy-copy-copy-copy-copy-copy-copy-copy-copy-copy-copy-copy-copy-copy\/","url":"https:\/\/bioswing.ee\/da\/toode\/bioswing-260-iq-copy-copy-copy-copy-copy-copy-copy-copy-copy-copy-copy-copy-copy-copy-copy-copy-copy-copy-copy-copy-copy-copy-copy-copy\/","name":"BIOSWING 260 iQ (Copy) (Copy) (Copy) (Copy) (Copy) (Copy) (Copy) (Copy) (Copy) (Copy) (Copy) (Copy) (Copy) (Copy) (Copy) (Copy) (Copy) (Copy) (Copy) (Copy) (Copy) (Copy) (Copy) (Copy) - BIOSWING","isPartOf":{"@id":"https:\/\/bioswing.ee\/#website"},"primaryImageOfPage":{"@id":"https:\/\/bioswing.ee\/da\/toode\/bioswing-260-iq-copy-copy-copy-copy-copy-copy-copy-copy-copy-copy-copy-copy-copy-copy-copy-copy-copy-copy-copy-copy-copy-copy-copy-copy\/#primaryimage"},"image":{"@id":"https:\/\/bioswing.ee\/da\/toode\/bioswing-260-iq-copy-copy-copy-copy-copy-copy-copy-copy-copy-copy-copy-copy-copy-copy-copy-copy-copy-copy-copy-copy-copy-copy-copy-copy\/#primaryimage"},"thumbnailUrl":"https:\/\/bioswing.ee\/wp-content\/uploads\/2026\/04\/bioswing_350_1-1.jpg","datePublished":"2026-04-01T21:03:33+00:00","dateModified":"2026-04-01T21:13:40+00:00","breadcrumb":{"@id":"https:\/\/bioswing.ee\/da\/toode\/bioswing-260-iq-copy-copy-copy-copy-copy-copy-copy-copy-copy-copy-copy-copy-copy-copy-copy-copy-copy-copy-copy-copy-copy-copy-copy-copy\/#breadcrumb"},"inLanguage":"da-DK","potentialAction":[{"@type":"ReadAction","target":["https:\/\/bioswing.ee\/da\/toode\/bioswing-260-iq-copy-copy-copy-copy-copy-copy-copy-copy-copy-copy-copy-copy-copy-copy-copy-copy-copy-copy-copy-copy-copy-copy-copy-copy\/"]}]},{"@type":"ImageObject","inLanguage":"da-DK","@id":"https:\/\/bioswing.ee\/da\/toode\/bioswing-260-iq-copy-copy-copy-copy-copy-copy-copy-copy-copy-copy-copy-copy-copy-copy-copy-copy-copy-copy-copy-copy-copy-copy-copy-copy\/#primaryimage","url":"https:\/\/bioswing.ee\/wp-content\/uploads\/2026\/04\/bioswing_350_1-1.jpg","contentUrl":"https:\/\/bioswing.ee\/wp-content\/uploads\/2026\/04\/bioswing_350_1-1.jpg","width":800,"height":1067},{"@type":"BreadcrumbList","@id":"https:\/\/bioswing.ee\/da\/toode\/bioswing-260-iq-copy-copy-copy-copy-copy-copy-copy-copy-copy-copy-copy-copy-copy-copy-copy-copy-copy-copy-copy-copy-copy-copy-copy-copy\/#breadcrumb","itemListElement":[{"@type":"ListItem","position":1,"name":"Home","item":"https:\/\/bioswing.ee\/"},{"@type":"ListItem","position":2,"name":"SHOP","item":"https:\/\/bioswing.ee\/da\/shop\/"},{"@type":"ListItem","position":3,"name":"BIOSWING 260 iQ (Copy) (Copy) (Copy) (Copy) (Copy) (Copy) (Copy) (Copy) (Copy) (Copy) (Copy) (Copy) (Copy) (Copy) (Copy) (Copy) (Copy) (Copy) (Copy) (Copy) (Copy) (Copy) (Copy) (Copy)"}]},{"@type":"WebSite","@id":"https:\/\/bioswing.ee\/#website","url":"https:\/\/bioswing.ee\/","name":"BIOSWING","description":"Smart solutions for healthy sitting","publisher":{"@id":"https:\/\/bioswing.ee\/#organization"},"potentialAction":[{"@type":"SearchAction","target":{"@type":"EntryPoint","urlTemplate":"https:\/\/bioswing.ee\/?s={search_term_string}"},"query-input":{"@type":"PropertyValueSpecification","valueRequired":true,"valueName":"search_term_string"}}],"inLanguage":"da-DK"},{"@type":"Organization","@id":"https:\/\/bioswing.ee\/#organization","name":"BIOSWING","url":"https:\/\/bioswing.ee\/","logo":{"@type":"ImageObject","inLanguage":"da-DK","@id":"https:\/\/bioswing.ee\/#\/schema\/logo\/image\/","url":"https:\/\/bioswing.ee\/wp-content\/uploads\/2023\/04\/logo_web.png","contentUrl":"https:\/\/bioswing.ee\/wp-content\/uploads\/2023\/04\/logo_web.png","width":140,"height":122,"caption":"BIOSWING"},"image":{"@id":"https:\/\/bioswing.ee\/#\/schema\/logo\/image\/"}}]}},"_links":{"self":[{"href":"https:\/\/bioswing.ee\/da\/wp-json\/wp\/v2\/product\/36704"}],"collection":[{"href":"https:\/\/bioswing.ee\/da\/wp-json\/wp\/v2\/product"}],"about":[{"href":"https:\/\/bioswing.ee\/da\/wp-json\/wp\/v2\/types\/product"}],"wp:featuredmedia":[{"embeddable":true,"href":"https:\/\/bioswing.ee\/da\/wp-json\/wp\/v2\/media\/36849"}],"wp:attachment":[{"href":"https:\/\/bioswing.ee\/da\/wp-json\/wp\/v2\/media?parent=36704"}],"wp:term":[{"taxonomy":"product_brand","embeddable":true,"href":"https:\/\/bioswing.ee\/da\/wp-json\/wp\/v2\/product_brand?post=36704"},{"taxonomy":"product_cat","embeddable":true,"href":"https:\/\/bioswing.ee\/da\/wp-json\/wp\/v2\/product_cat?post=36704"},{"taxonomy":"product_tag","embeddable":true,"href":"https:\/\/bioswing.ee\/da\/wp-json\/wp\/v2\/product_tag?post=36704"}],"curies":[{"name":"wp","href":"https:\/\/api.w.org\/{rel}","templated":true}]}}