{"id":14997,"date":"2023-03-31T19:29:21","date_gmt":"2023-03-31T19:29:21","guid":{"rendered":"https:\/\/bioswing.ee\/privacy-policy\/"},"modified":"2024-11-26T12:08:14","modified_gmt":"2024-11-26T12:08:14","slug":"privatlivspolitik","status":"publish","type":"page","link":"https:\/\/bioswing.ee\/da\/privatlivspolitik\/","title":{"rendered":"Privatlivspolitik"},"content":{"rendered":"<p><div class=\"fusion-fullwidth fullwidth-box fusion-builder-row-1 fusion-flex-container has-pattern-background has-mask-background nonhundred-percent-fullwidth non-hundred-percent-height-scrolling\" style=\"--awb-border-radius-top-left:0px;--awb-border-radius-top-right:0px;--awb-border-radius-bottom-right:0px;--awb-border-radius-bottom-left:0px;--awb-flex-wrap:wrap;\" ><div class=\"fusion-builder-row fusion-row fusion-flex-align-items-center fusion-flex-content-wrap\" style=\"max-width:1248px;margin-left: calc(-4% \/ 2 );margin-right: calc(-4% \/ 2 );\"><div class=\"fusion-layout-column fusion_builder_column fusion-builder-column-0 fusion_builder_column_1_5 1_5 fusion-flex-column\" style=\"--awb-bg-size:cover;--awb-width-large:20%;--awb-margin-top-large:0px;--awb-spacing-right-large:9.6%;--awb-margin-bottom-large:20px;--awb-spacing-left-large:9.6%;--awb-width-medium:20%;--awb-order-medium:0;--awb-spacing-right-medium:9.6%;--awb-spacing-left-medium:9.6%;--awb-width-small:100%;--awb-order-small:0;--awb-spacing-right-small:1.92%;--awb-spacing-left-small:1.92%;\"><div class=\"fusion-column-wrapper fusion-column-has-shadow fusion-flex-justify-content-flex-start fusion-content-layout-column\"><\/div><\/div><div class=\"fusion-layout-column fusion_builder_column fusion-builder-column-1 fusion_builder_column_3_5 3_5 fusion-flex-column\" style=\"--awb-bg-size:cover;--awb-width-large:60%;--awb-margin-top-large:0px;--awb-spacing-right-large:3.2%;--awb-margin-bottom-large:20px;--awb-spacing-left-large:3.2%;--awb-width-medium:60%;--awb-order-medium:0;--awb-spacing-right-medium:3.2%;--awb-spacing-left-medium:3.2%;--awb-width-small:100%;--awb-order-small:0;--awb-spacing-right-small:1.92%;--awb-spacing-left-small:1.92%;\"><div class=\"fusion-column-wrapper fusion-column-has-shadow fusion-flex-justify-content-flex-start fusion-content-layout-column\"><div class=\"fusion-title title fusion-title-1 fusion-sep-none fusion-title-text fusion-title-size-one\"><h1 class=\"fusion-title-heading title-heading-left\" style=\"margin:0;\">Privatlivspolitik<\/h1><\/div><div class=\"fusion-text fusion-text-1\"><p>Vores kunders og partners tillid er meget vigtig for os. Vi \u00f8nsker, at alle der deler deres personlige oplysninger med os, skal v\u00e6re sikre p\u00e5, at vi tager vare p\u00e5 deres data p\u00e5 bedst mulige m\u00e5de.<\/p>\n<p>Denne privatlivspolitik er udarbejdet for at beskytte privatlivet for tidligere, nuv\u00e6rende og fremtidige kunder hos SKS V\u00f5ru O\u00dc. P\u00e5 baggrund af dette beskriver vi principperne for indsamling, brug, opbevaring, transmission og offentligg\u00f8relse af kundernes personoplysninger i overensstemmelse med Estlands love og EU-lovgivning.<\/p>\n<p><strong>Indsamling og brug af personoplysninger<\/strong><\/p>\n<p>Vi behandler data, der frivilligt deles med os af en person, som personoplysninger. Personoplysninger kan omfatte navn, telefonnummer, e-mailadresse, gadeadresse og anden information.<\/p>\n<p>Vi bruger kun personoplysninger til at give vores kunder den nyeste markedsinformation, dele nye udviklinger, svare p\u00e5 sp\u00f8rgsm\u00e5l, dele de bedste tilbud og information om kundedage samt andre aktiviteter relateret til driften af SKS V\u00f5ru O\u00dc.<\/p>\n<p>SKS V\u00f5ru O\u00dc distribuerer, overf\u00f8rer, \u00e6ndrer eller bruger ikke personoplysninger p\u00e5 en uventet m\u00e5de, medmindre kunden har en aftale eller hvis behovet for videregivelse af information f\u00f8lger af Estlands lovgivning.<\/p>\n<p>Hvis du modtager informationen ovenfor fra os, uden at have givet os dine egne personoplysninger, bedes du kontakte <a href=\"mailto:info@bioswing.ee\" rel=\"noopener\">info@bioswing.ee<\/a>.<\/p>\n<p>En person har ret til at tilbagetr\u00e6kke sit samtykke n\u00e5r som helst ved at sende en anmodning til <a href=\"mailto:info@bioswing.ee\">info@bioswing.ee<\/a>.<\/p>\n<p><strong>Cookies<\/strong><\/p>\n<p>SKS V\u00f5ru O\u00dc bruger cookies p\u00e5 sin hjemmeside til at analysere din browserhistorik. Vi bruger disse oplysninger til at g\u00f8re brugeroplevelsen mere komfortabel og relevant for dine behov. Vi bruger ogs\u00e5 cookies til statistisk analyse og til at vise dig annoncer via n\u00f8je udvalgte tredjepartsapplikationer (som Google, Adroll, Facebook, Mailchimp osv.).<\/p>\n<p>En cookie er en tekstfil, der sendes af de websteder, som brugeren bes\u00f8ger, og opbevares p\u00e5 brugerens computer. En cookie opbevares i brugerens webbrowserens filkatalog. Hvis brugeren har bes\u00f8gt hjemmesiden f\u00f8r, l\u00e6ser browseren cookien og overf\u00f8rer relevant information til den webside eller objekt, der blev lagret, da cookien blev oprettet.<\/p>\n<p>Webbrowseren har ret til at deaktivere brugen af cookies. Hvis du \u00f8nsker dette, skal du \u00e6ndre indstillingerne i din webbrowser.<\/p>\n<p><strong>Betingelser for Privatlivspolitikken<\/strong><\/p>\n<p>Ved at sende dine data og forts\u00e6tte med at bruge vores hjemmeside, f\u00f8lger du og accepterer vores politikker og betingelser. SKS V\u00f5ru O\u00dc forbeholder sig retten til at \u00e6ndre de generelle vilk\u00e5r for privatlivspolitikken, hvis n\u00f8dvendigt.<\/p>\n<p>For sp\u00f8rgsm\u00e5l vedr\u00f8rende privatlivspolitikken, bedes du kontakte os p\u00e5 <a href=\"mailto:info@bioswing.ee\" rel=\"noopener\">info@bioswing.ee<\/a>.<\/p>\n<\/div><\/div><\/div><div class=\"fusion-layout-column fusion_builder_column fusion-builder-column-2 fusion_builder_column_1_5 1_5 fusion-flex-column\" style=\"--awb-bg-size:cover;--awb-width-large:20%;--awb-margin-top-large:0px;--awb-spacing-right-large:9.6%;--awb-margin-bottom-large:20px;--awb-spacing-left-large:9.6%;--awb-width-medium:20%;--awb-order-medium:0;--awb-spacing-right-medium:9.6%;--awb-spacing-left-medium:9.6%;--awb-width-small:100%;--awb-order-small:0;--awb-spacing-right-small:1.92%;--awb-spacing-left-small:1.92%;\"><div class=\"fusion-column-wrapper fusion-column-has-shadow fusion-flex-justify-content-flex-start fusion-content-layout-column\"><\/div><\/div><\/div><\/div><div class=\"fusion-fullwidth fullwidth-box fusion-builder-row-2 fusion-flex-container has-pattern-background has-mask-background nonhundred-percent-fullwidth non-hundred-percent-height-scrolling\" style=\"--awb-border-radius-top-left:0px;--awb-border-radius-top-right:0px;--awb-border-radius-bottom-right:0px;--awb-border-radius-bottom-left:0px;--awb-flex-wrap:wrap;\" ><div class=\"fusion-builder-row fusion-row fusion-flex-align-items-flex-start fusion-flex-content-wrap\" style=\"max-width:1248px;margin-left: calc(-4% \/ 2 );margin-right: calc(-4% \/ 2 );\"><\/div><\/div><\/p>\n","protected":false},"excerpt":{"rendered":"","protected":false},"author":1,"featured_media":0,"parent":0,"menu_order":0,"comment_status":"closed","ping_status":"open","template":"","meta":{"_acf_changed":false,"footnotes":""},"class_list":["post-14997","page","type-page","status-publish","hentry"],"acf":[],"yoast_head":"<!-- This site is optimized with the Yoast SEO plugin v24.3 - https:\/\/yoast.com\/wordpress\/plugins\/seo\/ -->\n<title>Privatlivspolitik - BIOSWING<\/title>\n<meta name=\"robots\" content=\"index, follow, max-snippet:-1, max-image-preview:large, max-video-preview:-1\" \/>\n<link rel=\"canonical\" href=\"https:\/\/bioswing.ee\/da\/privatlivspolitik\/\" \/>\n<meta property=\"og:locale\" content=\"da_DK\" \/>\n<meta property=\"og:type\" content=\"article\" \/>\n<meta property=\"og:title\" content=\"Privatlivspolitik - BIOSWING\" \/>\n<meta property=\"og:url\" content=\"https:\/\/bioswing.ee\/da\/privatlivspolitik\/\" \/>\n<meta property=\"og:site_name\" content=\"BIOSWING\" \/>\n<meta property=\"article:modified_time\" content=\"2024-11-26T12:08:14+00:00\" \/>\n<meta name=\"twitter:card\" content=\"summary_large_image\" \/>\n<meta name=\"twitter:label1\" content=\"Estimeret l\u00e6setid\" \/>\n\t<meta name=\"twitter:data1\" content=\"2 minutter\" \/>\n<script type=\"application\/ld+json\" class=\"yoast-schema-graph\">{\"@context\":\"https:\/\/schema.org\",\"@graph\":[{\"@type\":\"WebPage\",\"@id\":\"https:\/\/bioswing.ee\/da\/privatlivspolitik\/\",\"url\":\"https:\/\/bioswing.ee\/da\/privatlivspolitik\/\",\"name\":\"Privatlivspolitik - BIOSWING\",\"isPartOf\":{\"@id\":\"https:\/\/bioswing.ee\/#website\"},\"datePublished\":\"2023-03-31T19:29:21+00:00\",\"dateModified\":\"2024-11-26T12:08:14+00:00\",\"breadcrumb\":{\"@id\":\"https:\/\/bioswing.ee\/da\/privatlivspolitik\/#breadcrumb\"},\"inLanguage\":\"da-DK\",\"potentialAction\":[{\"@type\":\"ReadAction\",\"target\":[\"https:\/\/bioswing.ee\/da\/privatlivspolitik\/\"]}]},{\"@type\":\"BreadcrumbList\",\"@id\":\"https:\/\/bioswing.ee\/da\/privatlivspolitik\/#breadcrumb\",\"itemListElement\":[{\"@type\":\"ListItem\",\"position\":1,\"name\":\"Home\",\"item\":\"https:\/\/bioswing.ee\/da\/\"},{\"@type\":\"ListItem\",\"position\":2,\"name\":\"Privatlivspolitik\"}]},{\"@type\":\"WebSite\",\"@id\":\"https:\/\/bioswing.ee\/#website\",\"url\":\"https:\/\/bioswing.ee\/\",\"name\":\"BIOSWING\",\"description\":\"Smart solutions for healthy sitting\",\"publisher\":{\"@id\":\"https:\/\/bioswing.ee\/#organization\"},\"potentialAction\":[{\"@type\":\"SearchAction\",\"target\":{\"@type\":\"EntryPoint\",\"urlTemplate\":\"https:\/\/bioswing.ee\/?s={search_term_string}\"},\"query-input\":{\"@type\":\"PropertyValueSpecification\",\"valueRequired\":true,\"valueName\":\"search_term_string\"}}],\"inLanguage\":\"da-DK\"},{\"@type\":\"Organization\",\"@id\":\"https:\/\/bioswing.ee\/#organization\",\"name\":\"BIOSWING\",\"url\":\"https:\/\/bioswing.ee\/\",\"logo\":{\"@type\":\"ImageObject\",\"inLanguage\":\"da-DK\",\"@id\":\"https:\/\/bioswing.ee\/#\/schema\/logo\/image\/\",\"url\":\"https:\/\/bioswing.ee\/wp-content\/uploads\/2023\/04\/logo_web.png\",\"contentUrl\":\"https:\/\/bioswing.ee\/wp-content\/uploads\/2023\/04\/logo_web.png\",\"width\":140,\"height\":122,\"caption\":\"BIOSWING\"},\"image\":{\"@id\":\"https:\/\/bioswing.ee\/#\/schema\/logo\/image\/\"}}]}<\/script>\n<!-- \/ Yoast SEO plugin. -->","yoast_head_json":{"title":"Privatlivspolitik - BIOSWING","robots":{"index":"index","follow":"follow","max-snippet":"max-snippet:-1","max-image-preview":"max-image-preview:large","max-video-preview":"max-video-preview:-1"},"canonical":"https:\/\/bioswing.ee\/da\/privatlivspolitik\/","og_locale":"da_DK","og_type":"article","og_title":"Privatlivspolitik - BIOSWING","og_url":"https:\/\/bioswing.ee\/da\/privatlivspolitik\/","og_site_name":"BIOSWING","article_modified_time":"2024-11-26T12:08:14+00:00","twitter_card":"summary_large_image","twitter_misc":{"Estimeret l\u00e6setid":"2 minutter"},"schema":{"@context":"https:\/\/schema.org","@graph":[{"@type":"WebPage","@id":"https:\/\/bioswing.ee\/da\/privatlivspolitik\/","url":"https:\/\/bioswing.ee\/da\/privatlivspolitik\/","name":"Privatlivspolitik - BIOSWING","isPartOf":{"@id":"https:\/\/bioswing.ee\/#website"},"datePublished":"2023-03-31T19:29:21+00:00","dateModified":"2024-11-26T12:08:14+00:00","breadcrumb":{"@id":"https:\/\/bioswing.ee\/da\/privatlivspolitik\/#breadcrumb"},"inLanguage":"da-DK","potentialAction":[{"@type":"ReadAction","target":["https:\/\/bioswing.ee\/da\/privatlivspolitik\/"]}]},{"@type":"BreadcrumbList","@id":"https:\/\/bioswing.ee\/da\/privatlivspolitik\/#breadcrumb","itemListElement":[{"@type":"ListItem","position":1,"name":"Home","item":"https:\/\/bioswing.ee\/da\/"},{"@type":"ListItem","position":2,"name":"Privatlivspolitik"}]},{"@type":"WebSite","@id":"https:\/\/bioswing.ee\/#website","url":"https:\/\/bioswing.ee\/","name":"BIOSWING","description":"Smart solutions for healthy sitting","publisher":{"@id":"https:\/\/bioswing.ee\/#organization"},"potentialAction":[{"@type":"SearchAction","target":{"@type":"EntryPoint","urlTemplate":"https:\/\/bioswing.ee\/?s={search_term_string}"},"query-input":{"@type":"PropertyValueSpecification","valueRequired":true,"valueName":"search_term_string"}}],"inLanguage":"da-DK"},{"@type":"Organization","@id":"https:\/\/bioswing.ee\/#organization","name":"BIOSWING","url":"https:\/\/bioswing.ee\/","logo":{"@type":"ImageObject","inLanguage":"da-DK","@id":"https:\/\/bioswing.ee\/#\/schema\/logo\/image\/","url":"https:\/\/bioswing.ee\/wp-content\/uploads\/2023\/04\/logo_web.png","contentUrl":"https:\/\/bioswing.ee\/wp-content\/uploads\/2023\/04\/logo_web.png","width":140,"height":122,"caption":"BIOSWING"},"image":{"@id":"https:\/\/bioswing.ee\/#\/schema\/logo\/image\/"}}]}},"_links":{"self":[{"href":"https:\/\/bioswing.ee\/da\/wp-json\/wp\/v2\/pages\/14997"}],"collection":[{"href":"https:\/\/bioswing.ee\/da\/wp-json\/wp\/v2\/pages"}],"about":[{"href":"https:\/\/bioswing.ee\/da\/wp-json\/wp\/v2\/types\/page"}],"author":[{"embeddable":true,"href":"https:\/\/bioswing.ee\/da\/wp-json\/wp\/v2\/users\/1"}],"replies":[{"embeddable":true,"href":"https:\/\/bioswing.ee\/da\/wp-json\/wp\/v2\/comments?post=14997"}],"version-history":[{"count":3,"href":"https:\/\/bioswing.ee\/da\/wp-json\/wp\/v2\/pages\/14997\/revisions"}],"predecessor-version":[{"id":15006,"href":"https:\/\/bioswing.ee\/da\/wp-json\/wp\/v2\/pages\/14997\/revisions\/15006"}],"wp:attachment":[{"href":"https:\/\/bioswing.ee\/da\/wp-json\/wp\/v2\/media?parent=14997"}],"curies":[{"name":"wp","href":"https:\/\/api.w.org\/{rel}","templated":true}]}}