{"id":14988,"date":"2023-07-13T13:13:28","date_gmt":"2023-07-13T13:13:28","guid":{"rendered":"https:\/\/bioswing.ee\/terms\/"},"modified":"2024-11-26T11:50:34","modified_gmt":"2024-11-26T11:50:34","slug":"salgsbetingelser","status":"publish","type":"page","link":"https:\/\/bioswing.ee\/da\/salgsbetingelser\/","title":{"rendered":"Salgsbetingelser"},"content":{"rendered":"<p><div class=\"fusion-fullwidth fullwidth-box fusion-builder-row-1 fusion-flex-container has-pattern-background has-mask-background nonhundred-percent-fullwidth non-hundred-percent-height-scrolling\" style=\"--awb-border-radius-top-left:0px;--awb-border-radius-top-right:0px;--awb-border-radius-bottom-right:0px;--awb-border-radius-bottom-left:0px;--awb-flex-wrap:wrap;\" ><div class=\"fusion-builder-row fusion-row fusion-flex-align-items-center fusion-flex-content-wrap\" style=\"max-width:1248px;margin-left: calc(-4% \/ 2 );margin-right: calc(-4% \/ 2 );\"><div class=\"fusion-layout-column fusion_builder_column fusion-builder-column-0 fusion_builder_column_1_5 1_5 fusion-flex-column\" style=\"--awb-bg-size:cover;--awb-width-large:20%;--awb-margin-top-large:0px;--awb-spacing-right-large:9.6%;--awb-margin-bottom-large:20px;--awb-spacing-left-large:9.6%;--awb-width-medium:20%;--awb-order-medium:0;--awb-spacing-right-medium:9.6%;--awb-spacing-left-medium:9.6%;--awb-width-small:100%;--awb-order-small:0;--awb-spacing-right-small:1.92%;--awb-spacing-left-small:1.92%;\"><div class=\"fusion-column-wrapper fusion-column-has-shadow fusion-flex-justify-content-flex-start fusion-content-layout-column\"><\/div><\/div><div class=\"fusion-layout-column fusion_builder_column fusion-builder-column-1 fusion_builder_column_3_5 3_5 fusion-flex-column\" style=\"--awb-bg-size:cover;--awb-width-large:60%;--awb-margin-top-large:0px;--awb-spacing-right-large:3.2%;--awb-margin-bottom-large:20px;--awb-spacing-left-large:3.2%;--awb-width-medium:60%;--awb-order-medium:0;--awb-spacing-right-medium:3.2%;--awb-spacing-left-medium:3.2%;--awb-width-small:100%;--awb-order-small:0;--awb-spacing-right-small:1.92%;--awb-spacing-left-small:1.92%;\"><div class=\"fusion-column-wrapper fusion-column-has-shadow fusion-flex-justify-content-flex-start fusion-content-layout-column\"><div class=\"fusion-title title fusion-title-1 fusion-sep-none fusion-title-text fusion-title-size-one\"><h1 class=\"fusion-title-heading title-heading-left\" style=\"margin:0;\">Salgsbetingelser<\/h1><\/div><div class=\"fusion-text fusion-text-1\"><h3>Standardvilk\u00e5r for salgsforhold<\/h3>\n<p>G\u00e6ldende i onlinebutikken siden 01.06.2023<\/p>\n<ol>\n<li><strong>Generelle bestemmelser<\/strong><br \/>\n1.1. Disse standardvilk\u00e5r fastl\u00e6gger de grundl\u00e6ggende principper for det retlige forhold mellem SKS V\u00f5ru O\u00dc (herefter &#8220;S\u00e6lger&#8221;) og K\u00f8beren og de generelle vilk\u00e5r for at indg\u00e5 transaktioner mellem S\u00e6lger og K\u00f8ber (herefter samlet &#8220;Parterne&#8221;). Standardvilk\u00e5rene g\u00e6lder for alle retlige forhold mellem Parterne.<br \/>\n1.2. Ud over standardvilk\u00e5rene reguleres de retlige forhold mellem Parterne af de juridiske normer i Estlands republik og af en ordre eller aftale, hvis den findes.<br \/>\n1.3. I tilf\u00e6lde af konflikt mellem standardvilk\u00e5rene og ordren g\u00e6lder ordren. I tilf\u00e6lde af konflikt mellem standardvilk\u00e5rene eller ordren og en aftale, g\u00e6lder bestemmelserne i aftalen.<br \/>\nHvor konteksten kr\u00e6ver det, skal ordet i ental inkludere flertal og omvendt. Overskrifterne i bestemmelserne er kun med for at lette l\u00e6sningen og p\u00e5virker ikke fortolkningen af indholdet i bestemmelserne.<br \/>\n1.4. Hver bestemmelse i standardvilk\u00e5rene skal fortolkes sammen med de \u00f8vrige bestemmelser i standardvilk\u00e5rene, baseret p\u00e5 betydningen og form\u00e5let med standardvilk\u00e5rene.<\/li>\n<li><strong>Definitioner<\/strong><br \/>\n2.1. S\u00e6lgeren er SKS V\u00f5ru O\u00dc.<br \/>\n2.2. K\u00f8beren er enhver fysisk eller juridisk person, der k\u00f8ber eller \u00f8nsker at k\u00f8be de produkter og\/eller tjenester, som S\u00e6lgeren tilbyder.<br \/>\n2.3. Produktet er ethvert m\u00f8bel og andre m\u00f8bler, der s\u00e6lges af S\u00e6lgeren til K\u00f8beren.<br \/>\n2.4. Tjenesten er en rumplan eller indretningsl\u00f8sning produceret af S\u00e6lgeren p\u00e5 K\u00f8berens anmodning, transport af de solgte produkter til det sted, der er angivet af K\u00f8beren, samt montering og installation af produktet.<br \/>\n2.5. Prisliste er et dokument godkendt af S\u00e6lgeren, som afspejler priserne for produkter og tjenester.<br \/>\n2.6. Ordrebekr\u00e6ftelse betragtes som en k\u00f8bsaftale mellem K\u00f8beren og S\u00e6lgeren.<br \/>\n2.7. Leveringstid er den tid, hvor Produktet og\/eller Tjenesten skal v\u00e6re tilg\u00e6ngeligt for K\u00f8beren.<\/li>\n<li><strong>Priss\u00e6tning<\/strong><br \/>\n3.1. De priser, der er g\u00e6ldende for Produkterne og Tjenesterne, er angivet i den prisliste, der er fastsat af S\u00e6lgeren. Priserne i prislisterne inkluderer moms og ekskluderer produktets pallepris. Priserne i prislisterne inkluderer emballageomkostninger.<br \/>\n3.2. S\u00e6lgeren har ret til ensidigt at \u00e6ndre prislisterne. \u00c6ndringer tr\u00e6der i kraft fra den dato, \u00e6ndringerne foretages, eller fra en anden dato fastsat af S\u00e6lgeren. \u00c6ndringer i prislisterne har ikke tilbagevirkende kraft for prisforesp\u00f8rgsler og bestillinger, der blev indg\u00e5et f\u00f8r \u00e6ndringen af prislisterne.<\/li>\n<li><strong>Betalingsbetingelser<\/strong><br \/>\n4.1. S\u00e6lgeren har ret til at kr\u00e6ve forskudsbetaling for Produktet og Tjenesten fra K\u00f8beren i det omfang, der er aftalt med K\u00f8beren f\u00f8r gennemf\u00f8relsen af ordren. For ordrer afgivet i onlinebutikken skal forskudsfakturaen betales fuldt ud for at ordren kan accepteres til udf\u00f8relse.<br \/>\n4.2. Alle bel\u00f8b, der skal betales af K\u00f8beren, anses for at v\u00e6re korrekt betalt til S\u00e6lgeren, hvis det p\u00e5g\u00e6ldende bel\u00f8b er modtaget p\u00e5 S\u00e6lgerens bankkonto.<\/li>\n<li><strong>Bestilling af Produkt og Tjeneste<\/strong><br \/>\n5.1. K\u00f8beren afgiver en bestilling til S\u00e6lgeren via onlinebutikken for at k\u00f8be Produktet eller Tjenesten.<br \/>\n5.2. Bestillingen vil blive kontrolleret, og ordrebekr\u00e6ftelse samt forskudsfaktura sendes til K\u00f8beren via e-mail, transportomkostninger og oplysninger om leveringstid tilf\u00f8jes om n\u00f8dvendigt.<br \/>\n5.3. Efter betaling af forskudsfakturaen sendes en bekr\u00e6ftelsesmail til K\u00f8beren vedr\u00f8rende udf\u00f8relsen af ordren. Bekr\u00e6ftelsen angiver den tid, hvor produkterne bestilt af K\u00f8beren er klar p\u00e5 S\u00e6lgerens lager, og hvordan varerne vil blive leveret til den angivne adresse. Hvis K\u00f8beren har bestilt produkter med forskellige leveringstider i \u00e9n ordre, beregnes leveringstiden efter det produkt med l\u00e6ngst leveringstid.<\/li>\n<li><strong>Udf\u00f8relse af ordren<\/strong><br \/>\n6.1. S\u00e6lgeren p\u00e5begynder udf\u00f8relsen af ordren efter betaling af forskuddet.<br \/>\n6.2. K\u00f8berens bestilling og faktura vil blive annulleret, hvis forskudsfakturaen ikke er betalt inden for 7 dage efter udstedelse.<\/li>\n<li><strong>Levering af produkt eller tjeneste<\/strong><br \/>\n7.1. Levering\/modtagelse af Produktet betyder, at Produktet stilles til K\u00f8berens r\u00e5dighed afh\u00e6ngigt af de transportvilk\u00e5r, der er aftalt i ordren.<br \/>\n7.2. Produktet overdrages til K\u00f8beren eller K\u00f8berens repr\u00e6sentant af en transportrepr\u00e6sentant p\u00e5 grundlag af et identitetsdokument.<br \/>\n7.3. K\u00f8beren skal bekr\u00e6fte modtagelsen af produktet ved at underskrive leveringsnotatet med produktnavn og m\u00e6ngde. K\u00f8berens autoriserede repr\u00e6sentant skal bevise sin autoritet.<br \/>\n7.4. Hvis K\u00f8beren ikke har accepteret Produktet inden for rimelig tid, men har gode grunde til ikke at have gjort det, kan S\u00e6lgeren give K\u00f8beren en ekstra frist ved at underrette K\u00f8beren skriftligt herom. Den specifikke frist aftales mellem Parterne fra sag til sag. Hvis K\u00f8beren ikke accepterer Produktet inden for den ekstra frist givet af S\u00e6lgeren, har S\u00e6lgeren ret til at annullere ordren.<\/li>\n<li><strong>Overf\u00f8rsel af risiko<\/strong><br \/>\n8.1. Risikoen for utilsigtet \u00f8del\u00e6ggelse og skade p\u00e5 Produktet overg\u00e5r til K\u00f8beren ved levering af Produktet.<\/li>\n<li><strong>Beskyttelse af immaterielle rettigheder<\/strong><br \/>\n9.1. De dokumenter, der overdrages til K\u00f8beren (f.eks. tegninger, skitser, planer osv.), er og forbliver S\u00e6lgerens immaterielle ejendom. Disse dokumenter m\u00e5 ikke kopieres eller g\u00f8res tilg\u00e6ngelige for tredjeparter.<\/li>\n<\/ol>\n<\/div><\/div><\/div><div class=\"fusion-layout-column fusion_builder_column fusion-builder-column-2 fusion_builder_column_1_5 1_5 fusion-flex-column\" style=\"--awb-bg-size:cover;--awb-width-large:20%;--awb-margin-top-large:0px;--awb-spacing-right-large:9.6%;--awb-margin-bottom-large:20px;--awb-spacing-left-large:9.6%;--awb-width-medium:20%;--awb-order-medium:0;--awb-spacing-right-medium:9.6%;--awb-spacing-left-medium:9.6%;--awb-width-small:100%;--awb-order-small:0;--awb-spacing-right-small:1.92%;--awb-spacing-left-small:1.92%;\"><div class=\"fusion-column-wrapper fusion-column-has-shadow fusion-flex-justify-content-flex-start fusion-content-layout-column\"><\/div><\/div><\/div><\/div><div class=\"fusion-fullwidth fullwidth-box fusion-builder-row-2 fusion-flex-container has-pattern-background has-mask-background nonhundred-percent-fullwidth non-hundred-percent-height-scrolling\" style=\"--awb-border-radius-top-left:0px;--awb-border-radius-top-right:0px;--awb-border-radius-bottom-right:0px;--awb-border-radius-bottom-left:0px;--awb-flex-wrap:wrap;\" ><div class=\"fusion-builder-row fusion-row fusion-flex-align-items-flex-start fusion-flex-content-wrap\" style=\"max-width:1248px;margin-left: calc(-4% \/ 2 );margin-right: calc(-4% \/ 2 );\"><\/div><\/div><\/p>\n","protected":false},"excerpt":{"rendered":"","protected":false},"author":2,"featured_media":0,"parent":0,"menu_order":0,"comment_status":"closed","ping_status":"closed","template":"100-width.php","meta":{"_acf_changed":false,"footnotes":""},"class_list":["post-14988","page","type-page","status-publish","hentry"],"acf":[],"yoast_head":"<!-- This site is optimized with the Yoast SEO plugin v24.3 - https:\/\/yoast.com\/wordpress\/plugins\/seo\/ -->\n<title>Salgsbetingelser - BIOSWING<\/title>\n<meta name=\"robots\" content=\"index, follow, max-snippet:-1, max-image-preview:large, max-video-preview:-1\" \/>\n<link rel=\"canonical\" href=\"https:\/\/bioswing.ee\/da\/salgsbetingelser\/\" \/>\n<meta property=\"og:locale\" content=\"da_DK\" \/>\n<meta property=\"og:type\" content=\"article\" \/>\n<meta property=\"og:title\" content=\"Salgsbetingelser - BIOSWING\" \/>\n<meta property=\"og:url\" content=\"https:\/\/bioswing.ee\/da\/salgsbetingelser\/\" \/>\n<meta property=\"og:site_name\" content=\"BIOSWING\" \/>\n<meta property=\"article:modified_time\" content=\"2024-11-26T11:50:34+00:00\" \/>\n<meta name=\"twitter:card\" content=\"summary_large_image\" \/>\n<meta name=\"twitter:label1\" content=\"Estimeret l\u00e6setid\" \/>\n\t<meta name=\"twitter:data1\" content=\"5 minutter\" \/>\n<script type=\"application\/ld+json\" class=\"yoast-schema-graph\">{\"@context\":\"https:\/\/schema.org\",\"@graph\":[{\"@type\":\"WebPage\",\"@id\":\"https:\/\/bioswing.ee\/da\/salgsbetingelser\/\",\"url\":\"https:\/\/bioswing.ee\/da\/salgsbetingelser\/\",\"name\":\"Salgsbetingelser - BIOSWING\",\"isPartOf\":{\"@id\":\"https:\/\/bioswing.ee\/#website\"},\"datePublished\":\"2023-07-13T13:13:28+00:00\",\"dateModified\":\"2024-11-26T11:50:34+00:00\",\"breadcrumb\":{\"@id\":\"https:\/\/bioswing.ee\/da\/salgsbetingelser\/#breadcrumb\"},\"inLanguage\":\"da-DK\",\"potentialAction\":[{\"@type\":\"ReadAction\",\"target\":[\"https:\/\/bioswing.ee\/da\/salgsbetingelser\/\"]}]},{\"@type\":\"BreadcrumbList\",\"@id\":\"https:\/\/bioswing.ee\/da\/salgsbetingelser\/#breadcrumb\",\"itemListElement\":[{\"@type\":\"ListItem\",\"position\":1,\"name\":\"Home\",\"item\":\"https:\/\/bioswing.ee\/da\/\"},{\"@type\":\"ListItem\",\"position\":2,\"name\":\"Salgsbetingelser\"}]},{\"@type\":\"WebSite\",\"@id\":\"https:\/\/bioswing.ee\/#website\",\"url\":\"https:\/\/bioswing.ee\/\",\"name\":\"BIOSWING\",\"description\":\"Smart solutions for healthy sitting\",\"publisher\":{\"@id\":\"https:\/\/bioswing.ee\/#organization\"},\"potentialAction\":[{\"@type\":\"SearchAction\",\"target\":{\"@type\":\"EntryPoint\",\"urlTemplate\":\"https:\/\/bioswing.ee\/?s={search_term_string}\"},\"query-input\":{\"@type\":\"PropertyValueSpecification\",\"valueRequired\":true,\"valueName\":\"search_term_string\"}}],\"inLanguage\":\"da-DK\"},{\"@type\":\"Organization\",\"@id\":\"https:\/\/bioswing.ee\/#organization\",\"name\":\"BIOSWING\",\"url\":\"https:\/\/bioswing.ee\/\",\"logo\":{\"@type\":\"ImageObject\",\"inLanguage\":\"da-DK\",\"@id\":\"https:\/\/bioswing.ee\/#\/schema\/logo\/image\/\",\"url\":\"https:\/\/bioswing.ee\/wp-content\/uploads\/2023\/04\/logo_web.png\",\"contentUrl\":\"https:\/\/bioswing.ee\/wp-content\/uploads\/2023\/04\/logo_web.png\",\"width\":140,\"height\":122,\"caption\":\"BIOSWING\"},\"image\":{\"@id\":\"https:\/\/bioswing.ee\/#\/schema\/logo\/image\/\"}}]}<\/script>\n<!-- \/ Yoast SEO plugin. -->","yoast_head_json":{"title":"Salgsbetingelser - BIOSWING","robots":{"index":"index","follow":"follow","max-snippet":"max-snippet:-1","max-image-preview":"max-image-preview:large","max-video-preview":"max-video-preview:-1"},"canonical":"https:\/\/bioswing.ee\/da\/salgsbetingelser\/","og_locale":"da_DK","og_type":"article","og_title":"Salgsbetingelser - BIOSWING","og_url":"https:\/\/bioswing.ee\/da\/salgsbetingelser\/","og_site_name":"BIOSWING","article_modified_time":"2024-11-26T11:50:34+00:00","twitter_card":"summary_large_image","twitter_misc":{"Estimeret l\u00e6setid":"5 minutter"},"schema":{"@context":"https:\/\/schema.org","@graph":[{"@type":"WebPage","@id":"https:\/\/bioswing.ee\/da\/salgsbetingelser\/","url":"https:\/\/bioswing.ee\/da\/salgsbetingelser\/","name":"Salgsbetingelser - BIOSWING","isPartOf":{"@id":"https:\/\/bioswing.ee\/#website"},"datePublished":"2023-07-13T13:13:28+00:00","dateModified":"2024-11-26T11:50:34+00:00","breadcrumb":{"@id":"https:\/\/bioswing.ee\/da\/salgsbetingelser\/#breadcrumb"},"inLanguage":"da-DK","potentialAction":[{"@type":"ReadAction","target":["https:\/\/bioswing.ee\/da\/salgsbetingelser\/"]}]},{"@type":"BreadcrumbList","@id":"https:\/\/bioswing.ee\/da\/salgsbetingelser\/#breadcrumb","itemListElement":[{"@type":"ListItem","position":1,"name":"Home","item":"https:\/\/bioswing.ee\/da\/"},{"@type":"ListItem","position":2,"name":"Salgsbetingelser"}]},{"@type":"WebSite","@id":"https:\/\/bioswing.ee\/#website","url":"https:\/\/bioswing.ee\/","name":"BIOSWING","description":"Smart solutions for healthy sitting","publisher":{"@id":"https:\/\/bioswing.ee\/#organization"},"potentialAction":[{"@type":"SearchAction","target":{"@type":"EntryPoint","urlTemplate":"https:\/\/bioswing.ee\/?s={search_term_string}"},"query-input":{"@type":"PropertyValueSpecification","valueRequired":true,"valueName":"search_term_string"}}],"inLanguage":"da-DK"},{"@type":"Organization","@id":"https:\/\/bioswing.ee\/#organization","name":"BIOSWING","url":"https:\/\/bioswing.ee\/","logo":{"@type":"ImageObject","inLanguage":"da-DK","@id":"https:\/\/bioswing.ee\/#\/schema\/logo\/image\/","url":"https:\/\/bioswing.ee\/wp-content\/uploads\/2023\/04\/logo_web.png","contentUrl":"https:\/\/bioswing.ee\/wp-content\/uploads\/2023\/04\/logo_web.png","width":140,"height":122,"caption":"BIOSWING"},"image":{"@id":"https:\/\/bioswing.ee\/#\/schema\/logo\/image\/"}}]}},"_links":{"self":[{"href":"https:\/\/bioswing.ee\/da\/wp-json\/wp\/v2\/pages\/14988"}],"collection":[{"href":"https:\/\/bioswing.ee\/da\/wp-json\/wp\/v2\/pages"}],"about":[{"href":"https:\/\/bioswing.ee\/da\/wp-json\/wp\/v2\/types\/page"}],"author":[{"embeddable":true,"href":"https:\/\/bioswing.ee\/da\/wp-json\/wp\/v2\/users\/2"}],"replies":[{"embeddable":true,"href":"https:\/\/bioswing.ee\/da\/wp-json\/wp\/v2\/comments?post=14988"}],"version-history":[{"count":2,"href":"https:\/\/bioswing.ee\/da\/wp-json\/wp\/v2\/pages\/14988\/revisions"}],"predecessor-version":[{"id":14996,"href":"https:\/\/bioswing.ee\/da\/wp-json\/wp\/v2\/pages\/14988\/revisions\/14996"}],"wp:attachment":[{"href":"https:\/\/bioswing.ee\/da\/wp-json\/wp\/v2\/media?parent=14988"}],"curies":[{"name":"wp","href":"https:\/\/api.w.org\/{rel}","templated":true}]}}