{"id":14901,"date":"2023-04-13T09:53:58","date_gmt":"2023-04-13T09:53:58","guid":{"rendered":"https:\/\/bioswing.ee\/about-us\/"},"modified":"2025-04-14T18:35:02","modified_gmt":"2025-04-14T18:35:02","slug":"om-os","status":"publish","type":"page","link":"https:\/\/bioswing.ee\/da\/om-os\/","title":{"rendered":"OM OS"},"content":{"rendered":"<div class=\"fusion-fullwidth fullwidth-box fusion-builder-row-1 fusion-flex-container has-pattern-background has-mask-background nonhundred-percent-fullwidth non-hundred-percent-height-scrolling\" style=\"--awb-border-radius-top-left:0px;--awb-border-radius-top-right:0px;--awb-border-radius-bottom-right:0px;--awb-border-radius-bottom-left:0px;--awb-flex-wrap:wrap;\" ><div class=\"fusion-builder-row fusion-row fusion-flex-align-items-flex-start fusion-flex-content-wrap\" style=\"max-width:1248px;margin-left: calc(-4% \/ 2 );margin-right: calc(-4% \/ 2 );\"><div class=\"fusion-layout-column fusion_builder_column fusion-builder-column-0 fusion_builder_column_1_2 1_2 fusion-flex-column\" style=\"--awb-bg-size:cover;--awb-width-large:50%;--awb-margin-top-large:0px;--awb-spacing-right-large:3.84%;--awb-margin-bottom-large:20px;--awb-spacing-left-large:3.84%;--awb-width-medium:50%;--awb-order-medium:0;--awb-spacing-right-medium:3.84%;--awb-spacing-left-medium:3.84%;--awb-width-small:100%;--awb-order-small:0;--awb-spacing-right-small:1.92%;--awb-spacing-left-small:1.92%;\"><div class=\"fusion-column-wrapper fusion-column-has-shadow fusion-flex-justify-content-flex-start fusion-content-layout-column\"><div class=\"fusion-image-element \" style=\"--awb-caption-title-font-family:var(--h2_typography-font-family);--awb-caption-title-font-weight:var(--h2_typography-font-weight);--awb-caption-title-font-style:var(--h2_typography-font-style);--awb-caption-title-size:var(--h2_typography-font-size);--awb-caption-title-transform:var(--h2_typography-text-transform);--awb-caption-title-line-height:var(--h2_typography-line-height);--awb-caption-title-letter-spacing:var(--h2_typography-letter-spacing);\"><span class=\" fusion-imageframe imageframe-none imageframe-1 hover-type-none\"><img decoding=\"async\" width=\"688\" height=\"1000\" title=\"portrait_eduard_haider_2020-688&#215;1000\" src=\"https:\/\/bioswing.ee\/wp-content\/uploads\/2025\/04\/portrait_eduard_haider_2020-688x1000-1.jpg\" alt class=\"img-responsive wp-image-27761\" srcset=\"https:\/\/bioswing.ee\/wp-content\/uploads\/2025\/04\/portrait_eduard_haider_2020-688x1000-1-200x291.jpg 200w, https:\/\/bioswing.ee\/wp-content\/uploads\/2025\/04\/portrait_eduard_haider_2020-688x1000-1-400x581.jpg 400w, https:\/\/bioswing.ee\/wp-content\/uploads\/2025\/04\/portrait_eduard_haider_2020-688x1000-1-600x872.jpg 600w, https:\/\/bioswing.ee\/wp-content\/uploads\/2025\/04\/portrait_eduard_haider_2020-688x1000-1.jpg 688w\" sizes=\"(max-width: 640px) 100vw, 600px\" \/><\/span><\/div><\/div><\/div><div class=\"fusion-layout-column fusion_builder_column fusion-builder-column-1 fusion_builder_column_1_2 1_2 fusion-flex-column\" style=\"--awb-bg-size:cover;--awb-width-large:50%;--awb-margin-top-large:0px;--awb-spacing-right-large:3.84%;--awb-margin-bottom-large:20px;--awb-spacing-left-large:3.84%;--awb-width-medium:50%;--awb-order-medium:0;--awb-spacing-right-medium:3.84%;--awb-spacing-left-medium:3.84%;--awb-width-small:100%;--awb-order-small:0;--awb-spacing-right-small:1.92%;--awb-spacing-left-small:1.92%;\"><div class=\"fusion-column-wrapper fusion-column-has-shadow fusion-flex-justify-content-flex-start fusion-content-layout-column\"><div class=\"fusion-title title fusion-title-1 fusion-sep-none fusion-title-text fusion-title-size-one\"><h1 class=\"fusion-title-heading title-heading-left\" style=\"margin:0;\">Eksklusiv salgsrepr\u00e6sentant i Baltikum og Norden for Haider Bioswing-produkter<\/h1><\/div><div class=\"fusion-text fusion-text-1\"><p><strong>Passion for sundhed, ergonomi og menneskers velv\u00e6re.<\/strong><\/p>\n<p>Bev\u00e6get af de rygsmerter, mange mennesker oplevede, udviklede og designede virksomhedens grundl\u00e6gger Eduard Haider de f\u00f8rste frikoblede og oscillerende arbejdsstole p\u00e5 virksomhedens anl\u00e6g i det nord\u00f8stlige Bayern i begyndelsen af 1980\u2019erne.<\/p>\n<p>Han blev inspireret af de eksperimenter og fund, den amerikanske neurolog Dennis McGinty pr\u00e6senterede, som i 1982 kunne bevise, at oscillerende bev\u00e6gelser kan fremme fysisk og mental pr\u00e6station.<\/p>\n<p>Med opfindelsen af BIOSWING s\u00e6desystem opfyldte han sin vision om sundt og aktivt siddende og fik det patentere i 1983.<\/p>\n<p>I t\u00e6t samarbejde med h\u00f8jere uddannelsesinstitutioner, medicinske specialister og terapeuter forbedrede og optimerede han sine f\u00f8rste produkter for at skabe nye produktlinjer og yderligere anvendelsesomr\u00e5der: disse innovative og kreative pr\u00e6stationer blev dokumenteret i i alt 10 patenter.<\/p>\n<p>Enest\u00e5ende l\u00f8sninger er blevet skabt i l\u00f8bet af de sidste 35 \u00e5r baseret p\u00e5 frikoblede oscillatorer, som tusindvis af fysioterapeuter nu bruger med deres patienter i den daglige praksis.<\/p>\n<p>Indtil i dag har virksomheden holdt fast i sin kerneopgave: at udvikle og producere f\u00f8rsteklasses l\u00f8sninger, der underst\u00f8tter menneskers sundhed, pr\u00e6station og velv\u00e6re. Dette m\u00e5l er blevet internaliseret af det kvalificerede og motiverede team p\u00e5 omkring 100 medarbejdere, som giver deres alt dag efter dag.<\/p>\n<p>Produktionstrategierne <strong>\u201cmade in Germany\u201d<\/strong> og <strong>\u201calt under \u00e9t tag\u201d<\/strong> har vist sig at v\u00e6re effektive, da alle dele af siddende-, tr\u00e6nings- og terapysystemerne udvikles ved Pullenreuth-anl\u00e6gget og produceres p\u00e5 stedet med materialer af h\u00f8j kvalitet. Det dygtige h\u00e5ndv\u00e6rk kombineret med den nyeste teknologi skaber langvarige og h\u00f8j kvalitet produkter, som bruges af terapeuter, sundhedsbevidste og kr\u00e6sne kunder i mange \u00e5r.<\/p>\n<p>Vore mange ergonomieksperter i cirka 150 specialiserede forhandlere og r\u00e5dgivningsfirmaer i Tyskland, \u00d8strig og Schweiz sikrer, at alle kunder f\u00e5r den bedst mulige r\u00e5dgivning og p\u00e5lidelige eftermarkedstjeneste.<\/p>\n<\/div><div class=\"fusion-text fusion-text-2\"><p style=\"text-align: left;\"><img decoding=\"async\" class=\"alignnone wp-image-4908 alignleft\" src=\"https:\/\/bioswing.ee\/wp-content\/uploads\/2023\/08\/pdf.png\" alt=\"\" width=\"21\" height=\"22\" \/>\u00a0<a href=\"https:\/\/bioswing.ee\/wp-content\/uploads\/2024\/10\/BIOSWING_Product_overview_2024_en.pdf\" target=\"_blank\" rel=\"noopener\">Bioswing produktoversigt (engelsk)<\/a><\/p>\n<\/div><\/div><\/div><\/div><\/div>\n","protected":false},"excerpt":{"rendered":"","protected":false},"author":2,"featured_media":0,"parent":0,"menu_order":0,"comment_status":"closed","ping_status":"closed","template":"100-width.php","meta":{"_acf_changed":false,"footnotes":""},"class_list":["post-14901","page","type-page","status-publish","hentry"],"acf":[],"yoast_head":"<!-- This site is optimized with the Yoast SEO plugin v24.3 - https:\/\/yoast.com\/wordpress\/plugins\/seo\/ -->\n<title>OM OS - BIOSWING<\/title>\n<meta name=\"robots\" content=\"index, follow, max-snippet:-1, max-image-preview:large, max-video-preview:-1\" \/>\n<link rel=\"canonical\" href=\"https:\/\/bioswing.ee\/da\/om-os\/\" \/>\n<meta property=\"og:locale\" content=\"da_DK\" \/>\n<meta property=\"og:type\" content=\"article\" \/>\n<meta property=\"og:title\" content=\"OM OS - BIOSWING\" \/>\n<meta property=\"og:url\" content=\"https:\/\/bioswing.ee\/da\/om-os\/\" \/>\n<meta property=\"og:site_name\" content=\"BIOSWING\" \/>\n<meta property=\"article:modified_time\" content=\"2025-04-14T18:35:02+00:00\" \/>\n<meta property=\"og:image\" content=\"https:\/\/bioswing.ee\/wp-content\/uploads\/2023\/08\/pdf.png\" \/>\n<meta name=\"twitter:card\" content=\"summary_large_image\" \/>\n<meta name=\"twitter:label1\" content=\"Estimeret l\u00e6setid\" \/>\n\t<meta name=\"twitter:data1\" content=\"2 minutter\" \/>\n<script type=\"application\/ld+json\" class=\"yoast-schema-graph\">{\"@context\":\"https:\/\/schema.org\",\"@graph\":[{\"@type\":\"WebPage\",\"@id\":\"https:\/\/bioswing.ee\/da\/om-os\/\",\"url\":\"https:\/\/bioswing.ee\/da\/om-os\/\",\"name\":\"OM OS - BIOSWING\",\"isPartOf\":{\"@id\":\"https:\/\/bioswing.ee\/#website\"},\"primaryImageOfPage\":{\"@id\":\"https:\/\/bioswing.ee\/da\/om-os\/#primaryimage\"},\"image\":{\"@id\":\"https:\/\/bioswing.ee\/da\/om-os\/#primaryimage\"},\"thumbnailUrl\":\"https:\/\/bioswing.ee\/wp-content\/uploads\/2023\/08\/pdf.png\",\"datePublished\":\"2023-04-13T09:53:58+00:00\",\"dateModified\":\"2025-04-14T18:35:02+00:00\",\"breadcrumb\":{\"@id\":\"https:\/\/bioswing.ee\/da\/om-os\/#breadcrumb\"},\"inLanguage\":\"da-DK\",\"potentialAction\":[{\"@type\":\"ReadAction\",\"target\":[\"https:\/\/bioswing.ee\/da\/om-os\/\"]}]},{\"@type\":\"ImageObject\",\"inLanguage\":\"da-DK\",\"@id\":\"https:\/\/bioswing.ee\/da\/om-os\/#primaryimage\",\"url\":\"https:\/\/bioswing.ee\/wp-content\/uploads\/2023\/08\/pdf.png\",\"contentUrl\":\"https:\/\/bioswing.ee\/wp-content\/uploads\/2023\/08\/pdf.png\"},{\"@type\":\"BreadcrumbList\",\"@id\":\"https:\/\/bioswing.ee\/da\/om-os\/#breadcrumb\",\"itemListElement\":[{\"@type\":\"ListItem\",\"position\":1,\"name\":\"Home\",\"item\":\"https:\/\/bioswing.ee\/da\/\"},{\"@type\":\"ListItem\",\"position\":2,\"name\":\"OM OS\"}]},{\"@type\":\"WebSite\",\"@id\":\"https:\/\/bioswing.ee\/#website\",\"url\":\"https:\/\/bioswing.ee\/\",\"name\":\"BIOSWING\",\"description\":\"Smart solutions for healthy sitting\",\"publisher\":{\"@id\":\"https:\/\/bioswing.ee\/#organization\"},\"potentialAction\":[{\"@type\":\"SearchAction\",\"target\":{\"@type\":\"EntryPoint\",\"urlTemplate\":\"https:\/\/bioswing.ee\/?s={search_term_string}\"},\"query-input\":{\"@type\":\"PropertyValueSpecification\",\"valueRequired\":true,\"valueName\":\"search_term_string\"}}],\"inLanguage\":\"da-DK\"},{\"@type\":\"Organization\",\"@id\":\"https:\/\/bioswing.ee\/#organization\",\"name\":\"BIOSWING\",\"url\":\"https:\/\/bioswing.ee\/\",\"logo\":{\"@type\":\"ImageObject\",\"inLanguage\":\"da-DK\",\"@id\":\"https:\/\/bioswing.ee\/#\/schema\/logo\/image\/\",\"url\":\"https:\/\/bioswing.ee\/wp-content\/uploads\/2023\/04\/logo_web.png\",\"contentUrl\":\"https:\/\/bioswing.ee\/wp-content\/uploads\/2023\/04\/logo_web.png\",\"width\":140,\"height\":122,\"caption\":\"BIOSWING\"},\"image\":{\"@id\":\"https:\/\/bioswing.ee\/#\/schema\/logo\/image\/\"}}]}<\/script>\n<!-- \/ Yoast SEO plugin. -->","yoast_head_json":{"title":"OM OS - BIOSWING","robots":{"index":"index","follow":"follow","max-snippet":"max-snippet:-1","max-image-preview":"max-image-preview:large","max-video-preview":"max-video-preview:-1"},"canonical":"https:\/\/bioswing.ee\/da\/om-os\/","og_locale":"da_DK","og_type":"article","og_title":"OM OS - BIOSWING","og_url":"https:\/\/bioswing.ee\/da\/om-os\/","og_site_name":"BIOSWING","article_modified_time":"2025-04-14T18:35:02+00:00","og_image":[{"url":"https:\/\/bioswing.ee\/wp-content\/uploads\/2023\/08\/pdf.png","type":"","width":"","height":""}],"twitter_card":"summary_large_image","twitter_misc":{"Estimeret l\u00e6setid":"2 minutter"},"schema":{"@context":"https:\/\/schema.org","@graph":[{"@type":"WebPage","@id":"https:\/\/bioswing.ee\/da\/om-os\/","url":"https:\/\/bioswing.ee\/da\/om-os\/","name":"OM OS - BIOSWING","isPartOf":{"@id":"https:\/\/bioswing.ee\/#website"},"primaryImageOfPage":{"@id":"https:\/\/bioswing.ee\/da\/om-os\/#primaryimage"},"image":{"@id":"https:\/\/bioswing.ee\/da\/om-os\/#primaryimage"},"thumbnailUrl":"https:\/\/bioswing.ee\/wp-content\/uploads\/2023\/08\/pdf.png","datePublished":"2023-04-13T09:53:58+00:00","dateModified":"2025-04-14T18:35:02+00:00","breadcrumb":{"@id":"https:\/\/bioswing.ee\/da\/om-os\/#breadcrumb"},"inLanguage":"da-DK","potentialAction":[{"@type":"ReadAction","target":["https:\/\/bioswing.ee\/da\/om-os\/"]}]},{"@type":"ImageObject","inLanguage":"da-DK","@id":"https:\/\/bioswing.ee\/da\/om-os\/#primaryimage","url":"https:\/\/bioswing.ee\/wp-content\/uploads\/2023\/08\/pdf.png","contentUrl":"https:\/\/bioswing.ee\/wp-content\/uploads\/2023\/08\/pdf.png"},{"@type":"BreadcrumbList","@id":"https:\/\/bioswing.ee\/da\/om-os\/#breadcrumb","itemListElement":[{"@type":"ListItem","position":1,"name":"Home","item":"https:\/\/bioswing.ee\/da\/"},{"@type":"ListItem","position":2,"name":"OM OS"}]},{"@type":"WebSite","@id":"https:\/\/bioswing.ee\/#website","url":"https:\/\/bioswing.ee\/","name":"BIOSWING","description":"Smart solutions for healthy sitting","publisher":{"@id":"https:\/\/bioswing.ee\/#organization"},"potentialAction":[{"@type":"SearchAction","target":{"@type":"EntryPoint","urlTemplate":"https:\/\/bioswing.ee\/?s={search_term_string}"},"query-input":{"@type":"PropertyValueSpecification","valueRequired":true,"valueName":"search_term_string"}}],"inLanguage":"da-DK"},{"@type":"Organization","@id":"https:\/\/bioswing.ee\/#organization","name":"BIOSWING","url":"https:\/\/bioswing.ee\/","logo":{"@type":"ImageObject","inLanguage":"da-DK","@id":"https:\/\/bioswing.ee\/#\/schema\/logo\/image\/","url":"https:\/\/bioswing.ee\/wp-content\/uploads\/2023\/04\/logo_web.png","contentUrl":"https:\/\/bioswing.ee\/wp-content\/uploads\/2023\/04\/logo_web.png","width":140,"height":122,"caption":"BIOSWING"},"image":{"@id":"https:\/\/bioswing.ee\/#\/schema\/logo\/image\/"}}]}},"_links":{"self":[{"href":"https:\/\/bioswing.ee\/da\/wp-json\/wp\/v2\/pages\/14901"}],"collection":[{"href":"https:\/\/bioswing.ee\/da\/wp-json\/wp\/v2\/pages"}],"about":[{"href":"https:\/\/bioswing.ee\/da\/wp-json\/wp\/v2\/types\/page"}],"author":[{"embeddable":true,"href":"https:\/\/bioswing.ee\/da\/wp-json\/wp\/v2\/users\/2"}],"replies":[{"embeddable":true,"href":"https:\/\/bioswing.ee\/da\/wp-json\/wp\/v2\/comments?post=14901"}],"version-history":[{"count":6,"href":"https:\/\/bioswing.ee\/da\/wp-json\/wp\/v2\/pages\/14901\/revisions"}],"predecessor-version":[{"id":27893,"href":"https:\/\/bioswing.ee\/da\/wp-json\/wp\/v2\/pages\/14901\/revisions\/27893"}],"wp:attachment":[{"href":"https:\/\/bioswing.ee\/da\/wp-json\/wp\/v2\/media?parent=14901"}],"curies":[{"name":"wp","href":"https:\/\/api.w.org\/{rel}","templated":true}]}}