{"id":14856,"date":"2023-04-13T12:12:36","date_gmt":"2023-04-13T12:12:36","guid":{"rendered":"https:\/\/bioswing.ee\/hvorfor-bioswing\/more-health\/"},"modified":"2024-11-26T09:04:36","modified_gmt":"2024-11-26T09:04:36","slug":"mere-sundhed","status":"publish","type":"page","link":"https:\/\/bioswing.ee\/da\/hvorfor-bioswing\/mere-sundhed\/","title":{"rendered":"MERE SUNDHED"},"content":{"rendered":"<p><div class=\"fusion-fullwidth fullwidth-box fusion-builder-row-1 fusion-flex-container has-pattern-background has-mask-background nonhundred-percent-fullwidth non-hundred-percent-height-scrolling\" style=\"--awb-border-radius-top-left:0px;--awb-border-radius-top-right:0px;--awb-border-radius-bottom-right:0px;--awb-border-radius-bottom-left:0px;--awb-flex-wrap:wrap;\" ><div class=\"fusion-builder-row fusion-row fusion-flex-align-items-center fusion-flex-content-wrap\" style=\"max-width:1248px;margin-left: calc(-4% \/ 2 );margin-right: calc(-4% \/ 2 );\"><div class=\"fusion-layout-column fusion_builder_column fusion-builder-column-0 fusion_builder_column_1_2 1_2 fusion-flex-column\" style=\"--awb-bg-size:cover;--awb-width-large:50%;--awb-margin-top-large:0px;--awb-spacing-right-large:3.84%;--awb-margin-bottom-large:20px;--awb-spacing-left-large:3.84%;--awb-width-medium:50%;--awb-order-medium:0;--awb-spacing-right-medium:3.84%;--awb-spacing-left-medium:3.84%;--awb-width-small:100%;--awb-order-small:0;--awb-spacing-right-small:1.92%;--awb-spacing-left-small:1.92%;\"><div class=\"fusion-column-wrapper fusion-column-has-shadow fusion-flex-justify-content-flex-start fusion-content-layout-column\"><div class=\"fusion-image-element \" style=\"--awb-caption-title-font-family:var(--h2_typography-font-family);--awb-caption-title-font-weight:var(--h2_typography-font-weight);--awb-caption-title-font-style:var(--h2_typography-font-style);--awb-caption-title-size:var(--h2_typography-font-size);--awb-caption-title-transform:var(--h2_typography-text-transform);--awb-caption-title-line-height:var(--h2_typography-line-height);--awb-caption-title-letter-spacing:var(--h2_typography-letter-spacing);\"><span class=\" fusion-imageframe imageframe-none imageframe-1 hover-type-none\"><img decoding=\"async\" width=\"800\" height=\"800\" title=\"mh1\" src=\"https:\/\/bioswing.ee\/wp-content\/uploads\/2023\/04\/mh1.jpg\" alt class=\"img-responsive wp-image-14857\" srcset=\"https:\/\/bioswing.ee\/wp-content\/uploads\/2023\/04\/mh1-200x200.jpg 200w, https:\/\/bioswing.ee\/wp-content\/uploads\/2023\/04\/mh1-400x400.jpg 400w, https:\/\/bioswing.ee\/wp-content\/uploads\/2023\/04\/mh1-600x600.jpg 600w, https:\/\/bioswing.ee\/wp-content\/uploads\/2023\/04\/mh1.jpg 800w\" sizes=\"(max-width: 640px) 100vw, 600px\" \/><\/span><\/div><\/div><\/div><div class=\"fusion-layout-column fusion_builder_column fusion-builder-column-1 fusion_builder_column_1_2 1_2 fusion-flex-column\" style=\"--awb-bg-size:cover;--awb-width-large:50%;--awb-margin-top-large:0px;--awb-spacing-right-large:3.84%;--awb-margin-bottom-large:20px;--awb-spacing-left-large:3.84%;--awb-width-medium:50%;--awb-order-medium:0;--awb-spacing-right-medium:3.84%;--awb-spacing-left-medium:3.84%;--awb-width-small:100%;--awb-order-small:0;--awb-spacing-right-small:1.92%;--awb-spacing-left-small:1.92%;\"><div class=\"fusion-column-wrapper fusion-column-has-shadow fusion-flex-justify-content-flex-start fusion-content-layout-column\"><div class=\"fusion-title title fusion-title-1 fusion-sep-none fusion-title-text fusion-title-size-one\"><h1 class=\"fusion-title-heading title-heading-left\" style=\"margin:0;\"><p>Bev\u00e6gelse er grundlaget for alt liv\u2026<br \/>\n\u2026 og hver enkelt individ l\u00e6nges grundl\u00e6ggende efter bev\u00e6gelse.<\/p><\/h1><\/div><div class=\"fusion-text fusion-text-1\"><p>Vores krop er v\u00e6rt for en r\u00e6kke unikke interaktioner mellem cirka 100 trillioner celler i mere end 200 variationer.<br \/>\nEt fascinerende mesterv\u00e6rk med en fantastisk potentiel, der pulserer uafbrudt og som er designet til et liv fuld af bev\u00e6gelse. Vore livsvigtige funktioner har s\u00e6rlige rytmer for at sikre, at krop og sj\u00e6l forbliver i balance.<\/p>\n<p>At sp\u00e6nde og slappe af, aktivitet og regenerering, ind\u00e5nding og ud\u00e5nding er nogle af de pol\u00e6re kr\u00e6fter, der holder os i konstant rytmisk bev\u00e6gelse og hj\u00e6lper med at bestemme vores indre cyklus.<\/p>\n<p>Og 639 store og sm\u00e5 muskler i vores krop venter hele tiden p\u00e5 at \u00f8ve og tr\u00e6ne det perfekte samspil.<\/p>\n<\/div><\/div><\/div><\/div><\/div><div class=\"fusion-fullwidth fullwidth-box fusion-builder-row-2 fusion-flex-container has-pattern-background has-mask-background nonhundred-percent-fullwidth non-hundred-percent-height-scrolling\" style=\"--awb-border-radius-top-left:0px;--awb-border-radius-top-right:0px;--awb-border-radius-bottom-right:0px;--awb-border-radius-bottom-left:0px;--awb-flex-wrap:wrap;\" ><div class=\"fusion-builder-row fusion-row fusion-flex-align-items-center fusion-flex-content-wrap\" style=\"max-width:1248px;margin-left: calc(-4% \/ 2 );margin-right: calc(-4% \/ 2 );\"><div class=\"fusion-layout-column fusion_builder_column fusion-builder-column-2 fusion_builder_column_1_2 1_2 fusion-flex-column\" style=\"--awb-bg-size:cover;--awb-width-large:50%;--awb-margin-top-large:0px;--awb-spacing-right-large:3.84%;--awb-margin-bottom-large:20px;--awb-spacing-left-large:3.84%;--awb-width-medium:50%;--awb-order-medium:0;--awb-spacing-right-medium:3.84%;--awb-spacing-left-medium:3.84%;--awb-width-small:100%;--awb-order-small:0;--awb-spacing-right-small:1.92%;--awb-spacing-left-small:1.92%;\"><div class=\"fusion-column-wrapper fusion-column-has-shadow fusion-flex-justify-content-flex-start fusion-content-layout-column\"><div class=\"fusion-title title fusion-title-2 fusion-sep-none fusion-title-text fusion-title-size-one\"><h1 class=\"fusion-title-heading title-heading-left\" style=\"margin:0;\">Legende bev\u00e6gelser og de resulterende sensoriske stimuli, f\u00f8lelser og udfordringer har en afg\u00f8rende effekt p\u00e5 vejen mod fuld fysisk og mental modenhed.<\/h1><\/div><div class=\"fusion-text fusion-text-2\"><p>At tilbyde et st\u00f8rre antal sensoriske stimuli resulterer i, at flere nye stabile forbindelser skabes i barnets hjerne.<\/p>\n<\/div><\/div><\/div><div class=\"fusion-layout-column fusion_builder_column fusion-builder-column-3 fusion_builder_column_1_2 1_2 fusion-flex-column\" style=\"--awb-bg-size:cover;--awb-width-large:50%;--awb-margin-top-large:0px;--awb-spacing-right-large:3.84%;--awb-margin-bottom-large:20px;--awb-spacing-left-large:3.84%;--awb-width-medium:50%;--awb-order-medium:0;--awb-spacing-right-medium:3.84%;--awb-spacing-left-medium:3.84%;--awb-width-small:100%;--awb-order-small:0;--awb-spacing-right-small:1.92%;--awb-spacing-left-small:1.92%;\"><div class=\"fusion-column-wrapper fusion-column-has-shadow fusion-flex-justify-content-flex-start fusion-content-layout-column\"><div class=\"fusion-image-element \" style=\"--awb-caption-title-font-family:var(--h2_typography-font-family);--awb-caption-title-font-weight:var(--h2_typography-font-weight);--awb-caption-title-font-style:var(--h2_typography-font-style);--awb-caption-title-size:var(--h2_typography-font-size);--awb-caption-title-transform:var(--h2_typography-text-transform);--awb-caption-title-line-height:var(--h2_typography-line-height);--awb-caption-title-letter-spacing:var(--h2_typography-letter-spacing);\"><span class=\" fusion-imageframe imageframe-none imageframe-2 hover-type-none\"><img decoding=\"async\" width=\"800\" height=\"800\" title=\"mh2\" src=\"https:\/\/bioswing.ee\/wp-content\/uploads\/2023\/04\/mh2.jpg\" alt class=\"img-responsive wp-image-14862\" srcset=\"https:\/\/bioswing.ee\/wp-content\/uploads\/2023\/04\/mh2-200x200.jpg 200w, https:\/\/bioswing.ee\/wp-content\/uploads\/2023\/04\/mh2-400x400.jpg 400w, https:\/\/bioswing.ee\/wp-content\/uploads\/2023\/04\/mh2-600x600.jpg 600w, https:\/\/bioswing.ee\/wp-content\/uploads\/2023\/04\/mh2.jpg 800w\" sizes=\"(max-width: 640px) 100vw, 600px\" \/><\/span><\/div><\/div><\/div><\/div><\/div><div class=\"fusion-fullwidth fullwidth-box fusion-builder-row-3 fusion-flex-container has-pattern-background has-mask-background nonhundred-percent-fullwidth non-hundred-percent-height-scrolling\" style=\"--awb-border-radius-top-left:0px;--awb-border-radius-top-right:0px;--awb-border-radius-bottom-right:0px;--awb-border-radius-bottom-left:0px;--awb-padding-top:100px;--awb-padding-bottom:100px;--awb-flex-wrap:wrap;\" ><div class=\"fusion-builder-row fusion-row fusion-flex-align-items-center fusion-flex-content-wrap\" style=\"max-width:1248px;margin-left: calc(-4% \/ 2 );margin-right: calc(-4% \/ 2 );\"><div class=\"fusion-layout-column fusion_builder_column fusion-builder-column-4 fusion_builder_column_1_1 1_1 fusion-flex-column\" style=\"--awb-bg-size:cover;--awb-width-large:100%;--awb-margin-top-large:0px;--awb-spacing-right-large:1.92%;--awb-margin-bottom-large:20px;--awb-spacing-left-large:1.92%;--awb-width-medium:100%;--awb-order-medium:0;--awb-spacing-right-medium:1.92%;--awb-spacing-left-medium:1.92%;--awb-width-small:100%;--awb-order-small:0;--awb-spacing-right-small:1.92%;--awb-spacing-left-small:1.92%;\"><div class=\"fusion-column-wrapper fusion-column-has-shadow fusion-flex-justify-content-flex-start fusion-content-layout-column\"><div class=\"fusion-text fusion-text-3\"><p style=\"text-align: center;\">Statistik fra sygeforsikringsselskaber rapporterer en yderligere stigning i sygefrav\u00e6r som f\u00f8lge af ryg- og skeletlidelser, p\u00e5 trods af alle de tiltag, der er taget for at skabe ergonomiske arbejdspladser.<\/p>\n<p style=\"text-align: center;\">Rygsmerter forts\u00e6tter med at indtage den uheldige f\u00f8rsteplads blandt de individuelle diagnoser, og if\u00f8lge sygeforsikringsselskabet DAK og det tyske nationale statistikkontor er det en af de dyreste lidelser i Tyskland. En af de prim\u00e6re \u00e5rsager er akut mangel p\u00e5 bev\u00e6gelse.<\/p>\n<p style=\"text-align: center;\">I gennemsnit var varigheden af rygsmerter i 2017 12,4 dage if\u00f8lge DAK-statistikken, og for beskadigede skiver var varigheden 42 dage.<\/p>\n<\/div><\/div><\/div><\/div><\/div><\/p>\n","protected":false},"excerpt":{"rendered":"","protected":false},"author":2,"featured_media":0,"parent":14740,"menu_order":0,"comment_status":"closed","ping_status":"closed","template":"100-width.php","meta":{"_acf_changed":false,"footnotes":""},"class_list":["post-14856","page","type-page","status-publish","hentry"],"acf":[],"yoast_head":"<!-- This site is optimized with the Yoast SEO plugin v24.3 - https:\/\/yoast.com\/wordpress\/plugins\/seo\/ -->\n<title>MERE SUNDHED - BIOSWING<\/title>\n<meta name=\"description\" content=\"Movement is the basis of all life\u2026\u2026 and each individual fundamentally yearns for movement.\" \/>\n<meta name=\"robots\" content=\"index, follow, max-snippet:-1, max-image-preview:large, max-video-preview:-1\" \/>\n<link rel=\"canonical\" href=\"https:\/\/bioswing.ee\/da\/hvorfor-bioswing\/mere-sundhed\/\" \/>\n<meta property=\"og:locale\" content=\"da_DK\" \/>\n<meta property=\"og:type\" content=\"article\" \/>\n<meta property=\"og:title\" content=\"MERE SUNDHED - BIOSWING\" \/>\n<meta property=\"og:description\" content=\"Movement is the basis of all life\u2026\u2026 and each individual fundamentally yearns for movement.\" \/>\n<meta property=\"og:url\" content=\"https:\/\/bioswing.ee\/da\/hvorfor-bioswing\/mere-sundhed\/\" \/>\n<meta property=\"og:site_name\" content=\"BIOSWING\" \/>\n<meta property=\"article:modified_time\" content=\"2024-11-26T09:04:36+00:00\" \/>\n<meta name=\"twitter:card\" content=\"summary_large_image\" \/>\n<meta name=\"twitter:label1\" content=\"Estimeret l\u00e6setid\" \/>\n\t<meta name=\"twitter:data1\" content=\"2 minutter\" \/>\n<script type=\"application\/ld+json\" class=\"yoast-schema-graph\">{\"@context\":\"https:\/\/schema.org\",\"@graph\":[{\"@type\":\"WebPage\",\"@id\":\"https:\/\/bioswing.ee\/da\/hvorfor-bioswing\/mere-sundhed\/\",\"url\":\"https:\/\/bioswing.ee\/da\/hvorfor-bioswing\/mere-sundhed\/\",\"name\":\"MERE SUNDHED - BIOSWING\",\"isPartOf\":{\"@id\":\"https:\/\/bioswing.ee\/#website\"},\"datePublished\":\"2023-04-13T12:12:36+00:00\",\"dateModified\":\"2024-11-26T09:04:36+00:00\",\"description\":\"Movement is the basis of all life\u2026\u2026 and each individual fundamentally yearns for movement.\",\"breadcrumb\":{\"@id\":\"https:\/\/bioswing.ee\/da\/hvorfor-bioswing\/mere-sundhed\/#breadcrumb\"},\"inLanguage\":\"da-DK\",\"potentialAction\":[{\"@type\":\"ReadAction\",\"target\":[\"https:\/\/bioswing.ee\/da\/hvorfor-bioswing\/mere-sundhed\/\"]}]},{\"@type\":\"BreadcrumbList\",\"@id\":\"https:\/\/bioswing.ee\/da\/hvorfor-bioswing\/mere-sundhed\/#breadcrumb\",\"itemListElement\":[{\"@type\":\"ListItem\",\"position\":1,\"name\":\"Home\",\"item\":\"https:\/\/bioswing.ee\/da\/\"},{\"@type\":\"ListItem\",\"position\":2,\"name\":\"Hvorfor BIOSWING?\",\"item\":\"https:\/\/bioswing.ee\/da\/hvorfor-bioswing\/\"},{\"@type\":\"ListItem\",\"position\":3,\"name\":\"MERE SUNDHED\"}]},{\"@type\":\"WebSite\",\"@id\":\"https:\/\/bioswing.ee\/#website\",\"url\":\"https:\/\/bioswing.ee\/\",\"name\":\"BIOSWING\",\"description\":\"Smart solutions for healthy sitting\",\"publisher\":{\"@id\":\"https:\/\/bioswing.ee\/#organization\"},\"potentialAction\":[{\"@type\":\"SearchAction\",\"target\":{\"@type\":\"EntryPoint\",\"urlTemplate\":\"https:\/\/bioswing.ee\/?s={search_term_string}\"},\"query-input\":{\"@type\":\"PropertyValueSpecification\",\"valueRequired\":true,\"valueName\":\"search_term_string\"}}],\"inLanguage\":\"da-DK\"},{\"@type\":\"Organization\",\"@id\":\"https:\/\/bioswing.ee\/#organization\",\"name\":\"BIOSWING\",\"url\":\"https:\/\/bioswing.ee\/\",\"logo\":{\"@type\":\"ImageObject\",\"inLanguage\":\"da-DK\",\"@id\":\"https:\/\/bioswing.ee\/#\/schema\/logo\/image\/\",\"url\":\"https:\/\/bioswing.ee\/wp-content\/uploads\/2023\/04\/logo_web.png\",\"contentUrl\":\"https:\/\/bioswing.ee\/wp-content\/uploads\/2023\/04\/logo_web.png\",\"width\":140,\"height\":122,\"caption\":\"BIOSWING\"},\"image\":{\"@id\":\"https:\/\/bioswing.ee\/#\/schema\/logo\/image\/\"}}]}<\/script>\n<!-- \/ Yoast SEO plugin. -->","yoast_head_json":{"title":"MERE SUNDHED - BIOSWING","description":"Movement is the basis of all life\u2026\u2026 and each individual fundamentally yearns for movement.","robots":{"index":"index","follow":"follow","max-snippet":"max-snippet:-1","max-image-preview":"max-image-preview:large","max-video-preview":"max-video-preview:-1"},"canonical":"https:\/\/bioswing.ee\/da\/hvorfor-bioswing\/mere-sundhed\/","og_locale":"da_DK","og_type":"article","og_title":"MERE SUNDHED - BIOSWING","og_description":"Movement is the basis of all life\u2026\u2026 and each individual fundamentally yearns for movement.","og_url":"https:\/\/bioswing.ee\/da\/hvorfor-bioswing\/mere-sundhed\/","og_site_name":"BIOSWING","article_modified_time":"2024-11-26T09:04:36+00:00","twitter_card":"summary_large_image","twitter_misc":{"Estimeret l\u00e6setid":"2 minutter"},"schema":{"@context":"https:\/\/schema.org","@graph":[{"@type":"WebPage","@id":"https:\/\/bioswing.ee\/da\/hvorfor-bioswing\/mere-sundhed\/","url":"https:\/\/bioswing.ee\/da\/hvorfor-bioswing\/mere-sundhed\/","name":"MERE SUNDHED - BIOSWING","isPartOf":{"@id":"https:\/\/bioswing.ee\/#website"},"datePublished":"2023-04-13T12:12:36+00:00","dateModified":"2024-11-26T09:04:36+00:00","description":"Movement is the basis of all life\u2026\u2026 and each individual fundamentally yearns for movement.","breadcrumb":{"@id":"https:\/\/bioswing.ee\/da\/hvorfor-bioswing\/mere-sundhed\/#breadcrumb"},"inLanguage":"da-DK","potentialAction":[{"@type":"ReadAction","target":["https:\/\/bioswing.ee\/da\/hvorfor-bioswing\/mere-sundhed\/"]}]},{"@type":"BreadcrumbList","@id":"https:\/\/bioswing.ee\/da\/hvorfor-bioswing\/mere-sundhed\/#breadcrumb","itemListElement":[{"@type":"ListItem","position":1,"name":"Home","item":"https:\/\/bioswing.ee\/da\/"},{"@type":"ListItem","position":2,"name":"Hvorfor BIOSWING?","item":"https:\/\/bioswing.ee\/da\/hvorfor-bioswing\/"},{"@type":"ListItem","position":3,"name":"MERE SUNDHED"}]},{"@type":"WebSite","@id":"https:\/\/bioswing.ee\/#website","url":"https:\/\/bioswing.ee\/","name":"BIOSWING","description":"Smart solutions for healthy sitting","publisher":{"@id":"https:\/\/bioswing.ee\/#organization"},"potentialAction":[{"@type":"SearchAction","target":{"@type":"EntryPoint","urlTemplate":"https:\/\/bioswing.ee\/?s={search_term_string}"},"query-input":{"@type":"PropertyValueSpecification","valueRequired":true,"valueName":"search_term_string"}}],"inLanguage":"da-DK"},{"@type":"Organization","@id":"https:\/\/bioswing.ee\/#organization","name":"BIOSWING","url":"https:\/\/bioswing.ee\/","logo":{"@type":"ImageObject","inLanguage":"da-DK","@id":"https:\/\/bioswing.ee\/#\/schema\/logo\/image\/","url":"https:\/\/bioswing.ee\/wp-content\/uploads\/2023\/04\/logo_web.png","contentUrl":"https:\/\/bioswing.ee\/wp-content\/uploads\/2023\/04\/logo_web.png","width":140,"height":122,"caption":"BIOSWING"},"image":{"@id":"https:\/\/bioswing.ee\/#\/schema\/logo\/image\/"}}]}},"_links":{"self":[{"href":"https:\/\/bioswing.ee\/da\/wp-json\/wp\/v2\/pages\/14856"}],"collection":[{"href":"https:\/\/bioswing.ee\/da\/wp-json\/wp\/v2\/pages"}],"about":[{"href":"https:\/\/bioswing.ee\/da\/wp-json\/wp\/v2\/types\/page"}],"author":[{"embeddable":true,"href":"https:\/\/bioswing.ee\/da\/wp-json\/wp\/v2\/users\/2"}],"replies":[{"embeddable":true,"href":"https:\/\/bioswing.ee\/da\/wp-json\/wp\/v2\/comments?post=14856"}],"version-history":[{"count":4,"href":"https:\/\/bioswing.ee\/da\/wp-json\/wp\/v2\/pages\/14856\/revisions"}],"predecessor-version":[{"id":14876,"href":"https:\/\/bioswing.ee\/da\/wp-json\/wp\/v2\/pages\/14856\/revisions\/14876"}],"up":[{"embeddable":true,"href":"https:\/\/bioswing.ee\/da\/wp-json\/wp\/v2\/pages\/14740"}],"wp:attachment":[{"href":"https:\/\/bioswing.ee\/da\/wp-json\/wp\/v2\/media?parent=14856"}],"curies":[{"name":"wp","href":"https:\/\/api.w.org\/{rel}","templated":true}]}}